{"id":17218,"date":"2022-09-19T08:19:00","date_gmt":"2022-09-19T06:19:00","guid":{"rendered":"https:\/\/globefunder.com\/?page_id=17218"},"modified":"2022-09-19T09:20:09","modified_gmt":"2022-09-19T07:20:09","slug":"despre-globe-funder","status":"publish","type":"page","link":"https:\/\/globefunder.com\/ro\/despre-globe-funder\/","title":{"rendered":"Despre Globe Funder \u0219i echipa sa\ufffc"},"content":{"rendered":"<div class=\"gb-container gb-container-e62b38a0\"><div class=\"gb-inside-container\">\n<div class=\"gb-grid-wrapper gb-grid-wrapper-b6c1d0fa\">\n<div class=\"gb-grid-column gb-grid-column-843a0f4b\"><div class=\"gb-container gb-container-843a0f4b\"><div class=\"gb-inside-container\">\n\n<h2 class=\"gb-headline gb-headline-bfb98cf8\"><span class=\"gb-icon\"><svg version=\"1.1\" id=\"Capa_1\" xmlns=\"http:\/\/www.w3.org\/2000\/svg\" xmlns:xlink=\"http:\/\/www.w3.org\/1999\/xlink\" x=\"0px\" y=\"0px\" viewBox=\"0 0 60 4.688\" style=\"enable-background:new 0 0 60 4.688;\" xml:space=\"preserve\"> <g> \t<g> \t\t<path d=\"M57.656,0H2.344C1.049,0,0,1.049,0,2.344c0,1.294,1.049,2.344,2.344,2.344h55.312C58.951,4.688,60,3.638,60,2.344 \t\t\tS58.951,0,57.656,0z\"><\/path> \t<\/g> <\/g> <\/svg><\/span><span class=\"gb-headline-text\">Ia decizii financiare mai bune cu Globe Funder<\/span><\/h2>\n\n\n\n<p>Ast\u0103zi, putem lua decizii financiare mai bune dec\u00e2t \u00eenainte, \u0219i aceasta este din cauza disponibilit\u0103\u021bii diferitelor resurse online \u0219i offline. Cu toate acestea, nu \u00eenseamn\u0103 c\u0103 g\u0103sim \u00eentotdeauna cele mai bune solu\u021bii pentru a ob\u021bine rezultatele dorite.<\/p>\n\n\n\n<p>Am creat Globe Funder pentru a te ajuta s\u0103 g\u0103se\u0219ti r\u0103spunsuri \u0219i solu\u021bii \u00een finan\u021be personale \u0219i de afaceri. Noi credem c\u0103 educa\u021bia financiar\u0103 \u0219i de afaceri&nbsp; ar trebui s\u0103 fie disponibil\u0103 gratuit \u00een orice limb\u0103 pentru a \u00eembun\u0103t\u0103\u021bi bun\u0103starea general\u0103.<\/p>\n\n\n\n<p>Pe Globe Funder, po\u021bi g\u0103si instrumente utile, calculatoare, recenzii \u0219i solu\u021bii \u00een domeniul finan\u021belor personale \u0219i al afacerilor online. <\/p>\n\n\n\n<p>Nu mai ghici \u0219i \u00eencepe s\u0103 iei decizii mai bune pe baza datelor, experien\u021belor \u0219i poten\u021bialului. Ob\u021bine acces la toate \u00eentr-un singur loc.<\/p>\n\n<\/div><\/div><\/div>\n\n<div class=\"gb-grid-column gb-grid-column-89edc3bf\"><div class=\"gb-container gb-container-89edc3bf\"><div class=\"gb-inside-container\">\n\n<figure class=\"wp-block-image size-full rounded-corners img\"><img loading=\"lazy\" decoding=\"async\" width=\"984\" height=\"577\" src=\"https:\/\/globefunder.com\/wp-content\/uploads\/Decizii-financiare-mai-bune.webp\" alt=\"Luarea unei decizii financiare mai bune\" class=\"wp-image-18868\" srcset=\"https:\/\/globefunder.com\/wp-content\/uploads\/Decizii-financiare-mai-bune.webp 984w, https:\/\/globefunder.com\/wp-content\/uploads\/Decizii-financiare-mai-bune-300x176.webp 300w, https:\/\/globefunder.com\/wp-content\/uploads\/Decizii-financiare-mai-bune-150x88.webp 150w, https:\/\/globefunder.com\/wp-content\/uploads\/Decizii-financiare-mai-bune-768x450.webp 768w\" sizes=\"auto, (max-width: 984px) 100vw, 984px\" \/><\/figure>\n\n<\/div><\/div><\/div>\n<\/div>\n<\/div><\/div>\n\n<div class=\"gb-container gb-container-be423206\"><div class=\"gb-inside-container\">\n<div class=\"gb-grid-wrapper gb-grid-wrapper-eb7022e7\">\n<div class=\"gb-grid-column gb-grid-column-ef14fc4a\"><div class=\"gb-container gb-container-ef14fc4a\"><div class=\"gb-inside-container\">\n\n<figure class=\"wp-block-image size-full rounded-corners img\"><img loading=\"lazy\" decoding=\"async\" width=\"785\" height=\"734\" src=\"https:\/\/globefunder.com\/wp-content\/uploads\/Tanar-antreprenor-online.webp\" alt=\"T\u00e2n\u0103r antreprenor online\" class=\"wp-image-18818\" srcset=\"https:\/\/globefunder.com\/wp-content\/uploads\/Tanar-antreprenor-online.webp 785w, https:\/\/globefunder.com\/wp-content\/uploads\/Tanar-antreprenor-online-300x281.webp 300w, https:\/\/globefunder.com\/wp-content\/uploads\/Tanar-antreprenor-online-150x140.webp 150w, https:\/\/globefunder.com\/wp-content\/uploads\/Tanar-antreprenor-online-768x718.webp 768w\" sizes=\"auto, (max-width: 785px) 100vw, 785px\" \/><\/figure>\n\n<\/div><\/div><\/div>\n\n<div class=\"gb-grid-column gb-grid-column-50fb7ae6\"><div class=\"gb-container gb-container-50fb7ae6\"><div class=\"gb-inside-container\">\n\n<h2 class=\"gb-headline gb-headline-cb9ee447\"><span class=\"gb-icon\"><svg version=\"1.1\" id=\"Capa_1\" xmlns=\"http:\/\/www.w3.org\/2000\/svg\" xmlns:xlink=\"http:\/\/www.w3.org\/1999\/xlink\" x=\"0px\" y=\"0px\" viewBox=\"0 0 60 4.688\" style=\"enable-background:new 0 0 60 4.688;\" xml:space=\"preserve\"> <g> \t<g> \t\t<path d=\"M57.656,0H2.344C1.049,0,0,1.049,0,2.344c0,1.294,1.049,2.344,2.344,2.344h55.312C58.951,4.688,60,3.638,60,2.344 \t\t\tS58.951,0,57.656,0z\"><\/path> \t<\/g> <\/g> <\/svg><\/span><span class=\"gb-headline-text\">De ce finan\u021be personale \u0219i afaceri online?<\/span><\/h2>\n\n\n\n<p>Lucrurile se schimb\u0103 rapid \u0219i ne \u00eendrept\u0103m spre o lume complet nou\u0103. O lume \u00een care tinerii adul\u021bi \u00eencep s\u0103-\u0219i dea seama c\u0103 exist\u0103 mai mult \u00een via\u021b\u0103 dec\u00e2t s\u0103 fii blocat \u00eentr-un loc de munc\u0103 de la 9 la 5 \u0219i \u00eentr-un salariu fix. \u00cendrumarea financiar\u0103 \u0219i educa\u021bia de ast\u0103zi sunt o parte crucial\u0103 a men\u021binerii stabilit\u0103\u021bii financiare. <\/p>\n\n\n\n<p>Cei mai mul\u021bi oameni doresc s\u0103 <strong>ob\u021bin\u0103 independen\u021ba financiar\u0103<\/strong> \u0219i se concentreaz\u0103 asupra familiilor, hobby-urilor \u0219i independen\u021bei personale. \u00cen opinia noastr\u0103, nu exist\u0103 o modalitate mai bun\u0103 de a realiza acest lucru dec\u00e2t prin conducerea propriei afaceri, gener\u00e2nd suficient capital pentru a o investi \u00een continuare \u0219i pentru a ob\u021bine venituri pasive. Cu alte cuvinte &#8211; prin generarea <strong>fluxuri multiple de venituri<\/strong>.<\/p>\n\n<\/div><\/div><\/div>\n<\/div>\n<\/div><\/div>\n\n<div class=\"gb-container gb-container-0a4ac77d\"><div class=\"gb-inside-container\">\n\n<h2 class=\"gb-headline gb-headline-51227ee6 gb-headline-text\">Despre echipa Globe Funder<\/h2>\n\n\n\n<p class=\"has-text-align-center\">Globe Funder nu ar putea exista f\u0103r\u0103 o echip\u0103 puternic\u0103, profesional\u0103 \u0219i interna\u021bional\u0103 care \u00ee\u021bi furnizeaz\u0103 cuno\u0219tin\u021bele \u0219i instrumentele. Mai jos po\u021bi vedea c\u00e2\u021biva dintre membrii echipei noastre care lucreaz\u0103 activ pentru a-\u021bi furniza un con\u021binut de calitate din domeniul finan\u021belor personale \u0219i din spa\u021biul de afacerilor online. Exist\u0103 mai multe persoane din culise care faciliteaz\u0103 func\u021bionarea \u0219i aspectul site-ul a\u0219a cum \u00eel vezi acum \u0219i po\u021bi accesa instrumentele \u0219i articolele noastre \u00een limba ta matern\u0103. Vrei s\u0103 faci parte din Globe Funder? <strong>Vezi pozi\u021biile disponibile<\/strong>!<\/p>\n\n\n<div class=\"gb-grid-wrapper gb-grid-wrapper-27be4c12\">\n<div class=\"gb-grid-column gb-grid-column-d93b521f\"><div class=\"gb-container gb-container-d93b521f\"><div class=\"gb-inside-container\">\n<div class=\"wp-block-image is-style-rounded\">\n<figure class=\"aligncenter size-full is-resized\"><img loading=\"lazy\" decoding=\"async\" src=\"https:\/\/globefunder.com\/wp-content\/uploads\/Kaspars-ro.webp\" alt=\"Kaspars\" class=\"wp-image-18893\" width=\"175\" height=\"175\" srcset=\"https:\/\/globefunder.com\/wp-content\/uploads\/Kaspars-ro.webp 700w, https:\/\/globefunder.com\/wp-content\/uploads\/Kaspars-ro-300x300.webp 300w, https:\/\/globefunder.com\/wp-content\/uploads\/Kaspars-ro-150x150.webp 150w\" sizes=\"auto, (max-width: 175px) 100vw, 175px\" \/><\/figure>\n<\/div>\n\n\n<h3 class=\"gb-headline gb-headline-d850373c gb-headline-text\">Kaspars &#8211; <em><em>Fondator<\/em><\/em><\/h3>\n\n\n\n<p class=\"has-text-align-center\">Strategie de proiect, parteneriate \u0219i analize. <\/p>\n\n<\/div><\/div><\/div>\n\n<div class=\"gb-grid-column gb-grid-column-0bd709a2\"><div class=\"gb-container gb-container-0bd709a2\"><div class=\"gb-inside-container\">\n<div class=\"wp-block-image is-style-rounded\">\n<figure class=\"aligncenter size-full is-resized\"><img loading=\"lazy\" decoding=\"async\" src=\"https:\/\/globefunder.com\/wp-content\/uploads\/Martin-ro.webp\" alt=\"Martin Kaiser\" class=\"wp-image-18843\" width=\"175\" height=\"175\" srcset=\"https:\/\/globefunder.com\/wp-content\/uploads\/Martin-ro.webp 700w, https:\/\/globefunder.com\/wp-content\/uploads\/Martin-ro-300x300.webp 300w, https:\/\/globefunder.com\/wp-content\/uploads\/Martin-ro-150x150.webp 150w\" sizes=\"auto, (max-width: 175px) 100vw, 175px\" \/><\/figure>\n<\/div>\n\n\n<h3 class=\"gb-headline gb-headline-ffe345bf gb-headline-text\">Martin &#8211; <em><em>Redactor \u0219ef<\/em><\/em><\/h3>\n\n\n\n<p class=\"has-text-align-center\">Creare de con\u021binut, recenzii \u0219i finan\u021be. <\/p>\n\n<\/div><\/div><\/div>\n<\/div>\n<\/div><\/div>\n\n<div class=\"gb-container gb-container-5711eb17\"><div class=\"gb-inside-container\">\n\n<p class=\"has-text-align-center\">globefunder.com este de\u021binut \u0219i operat de Digitrade Ltd. Reg. Nu. 401 035 729 80, adresa: <a href=\"https:\/\/www.google.com\/maps\/place\/Artil%C4%93rijas+iela+3,+Centra+rajons,+R%C4%ABga,+LV-1001\/@56.9612522,24.1332309,17z\/data=!3m1!4b1!4m5!3m4!1s0x46eecfcab2adb7b1:0x5da3a602e59f347c!8m2!3d56.9612522!4d24.1354196\" target=\"_blank\" rel=\"noreferrer noopener nofollow\">Letonia, Riga, Artilerijas Str. 3. LV-1001<\/a>, telefon: <a href=\"tel:0037167194447\">+371 67194447<\/a>.<\/p>\n\n\n\n<ul class=\"wp-block-social-links has-normal-icon-size is-style-default is-content-justification-center is-layout-flex wp-container-core-social-links-is-layout-16018d1d wp-block-social-links-is-layout-flex\"><li class=\"wp-social-link wp-social-link-linkedin  wp-block-social-link\"><a href=\"https:\/\/linkedin.com\/company\/globefunder\" class=\"wp-block-social-link-anchor\"><svg width=\"24\" height=\"24\" viewBox=\"0 0 24 24\" version=\"1.1\" xmlns=\"http:\/\/www.w3.org\/2000\/svg\" aria-hidden=\"true\" focusable=\"false\"><path d=\"M19.7,3H4.3C3.582,3,3,3.582,3,4.3v15.4C3,20.418,3.582,21,4.3,21h15.4c0.718,0,1.3-0.582,1.3-1.3V4.3 C21,3.582,20.418,3,19.7,3z M8.339,18.338H5.667v-8.59h2.672V18.338z M7.004,8.574c-0.857,0-1.549-0.694-1.549-1.548 c0-0.855,0.691-1.548,1.549-1.548c0.854,0,1.547,0.694,1.547,1.548C8.551,7.881,7.858,8.574,7.004,8.574z M18.339,18.338h-2.669 v-4.177c0-0.996-0.017-2.278-1.387-2.278c-1.389,0-1.601,1.086-1.601,2.206v4.249h-2.667v-8.59h2.559v1.174h0.037 c0.356-0.675,1.227-1.387,2.526-1.387c2.703,0,3.203,1.779,3.203,4.092V18.338z\"><\/path><\/svg><span class=\"wp-block-social-link-label screen-reader-text\">Globe Funder LinkedIn<\/span><\/a><\/li>\n\n<li class=\"wp-social-link wp-social-link-facebook  wp-block-social-link\"><a href=\"https:\/\/www.facebook.com\/globefunder\" class=\"wp-block-social-link-anchor\"><svg width=\"24\" height=\"24\" viewBox=\"0 0 24 24\" version=\"1.1\" xmlns=\"http:\/\/www.w3.org\/2000\/svg\" aria-hidden=\"true\" focusable=\"false\"><path d=\"M12 2C6.5 2 2 6.5 2 12c0 5 3.7 9.1 8.4 9.9v-7H7.9V12h2.5V9.8c0-2.5 1.5-3.9 3.8-3.9 1.1 0 2.2.2 2.2.2v2.5h-1.3c-1.2 0-1.6.8-1.6 1.6V12h2.8l-.4 2.9h-2.3v7C18.3 21.1 22 17 22 12c0-5.5-4.5-10-10-10z\"><\/path><\/svg><span class=\"wp-block-social-link-label screen-reader-text\">Globe Funder Facebook<\/span><\/a><\/li>\n\n<li class=\"wp-social-link wp-social-link-pinterest  wp-block-social-link\"><a href=\"https:\/\/pinterest.com\/globefunder\" class=\"wp-block-social-link-anchor\"><svg width=\"24\" height=\"24\" viewBox=\"0 0 24 24\" version=\"1.1\" xmlns=\"http:\/\/www.w3.org\/2000\/svg\" aria-hidden=\"true\" focusable=\"false\"><path d=\"M12.289,2C6.617,2,3.606,5.648,3.606,9.622c0,1.846,1.025,4.146,2.666,4.878c0.25,0.111,0.381,0.063,0.439-0.169 c0.044-0.175,0.267-1.029,0.365-1.428c0.032-0.128,0.017-0.237-0.091-0.362C6.445,11.911,6.01,10.75,6.01,9.668 c0-2.777,2.194-5.464,5.933-5.464c3.23,0,5.49,2.108,5.49,5.122c0,3.407-1.794,5.768-4.13,5.768c-1.291,0-2.257-1.021-1.948-2.277 c0.372-1.495,1.089-3.112,1.089-4.191c0-0.967-0.542-1.775-1.663-1.775c-1.319,0-2.379,1.309-2.379,3.059 c0,1.115,0.394,1.869,0.394,1.869s-1.302,5.279-1.54,6.261c-0.405,1.666,0.053,4.368,0.094,4.604 c0.021,0.126,0.167,0.169,0.25,0.063c0.129-0.165,1.699-2.419,2.142-4.051c0.158-0.59,0.817-2.995,0.817-2.995 c0.43,0.784,1.681,1.446,3.013,1.446c3.963,0,6.822-3.494,6.822-7.833C20.394,5.112,16.849,2,12.289,2\"><\/path><\/svg><span class=\"wp-block-social-link-label screen-reader-text\">Globe Funder Pinteres<\/span><\/a><\/li>\n\n<li class=\"wp-social-link wp-social-link-telegram  wp-block-social-link\"><a href=\"https:\/\/t.me\/globefunder\" class=\"wp-block-social-link-anchor\"><svg width=\"24\" height=\"24\" viewBox=\"0 0 128 128\" version=\"1.1\" xmlns=\"http:\/\/www.w3.org\/2000\/svg\" aria-hidden=\"true\" focusable=\"false\"><path d=\"M28.9700376,63.3244248 C47.6273373,55.1957357 60.0684594,49.8368063 66.2934036,47.2476366 C84.0668845,39.855031 87.7600616,38.5708563 90.1672227,38.528 C90.6966555,38.5191258 91.8804274,38.6503351 92.6472251,39.2725385 C93.294694,39.7979149 93.4728387,40.5076237 93.5580865,41.0057381 C93.6433345,41.5038525 93.7494885,42.63857 93.6651041,43.5252052 C92.7019529,53.6451182 88.5344133,78.2034783 86.4142057,89.5379542 C85.5170662,94.3339958 83.750571,95.9420841 82.0403991,96.0994568 C78.3237996,96.4414641 75.5015827,93.6432685 71.9018743,91.2836143 C66.2690414,87.5912212 63.0868492,85.2926952 57.6192095,81.6896017 C51.3004058,77.5256038 55.3966232,75.2369981 58.9976911,71.4967761 C59.9401076,70.5179421 76.3155302,55.6232293 76.6324771,54.2720454 C76.6721165,54.1030573 76.7089039,53.4731496 76.3346867,53.1405352 C75.9604695,52.8079208 75.4081573,52.921662 75.0095933,53.0121213 C74.444641,53.1403447 65.4461175,59.0880351 48.0140228,70.8551922 C45.4598218,72.6091037 43.1463059,73.4636682 41.0734751,73.4188859 C38.7883453,73.3695169 34.3926725,72.1268388 31.1249416,71.0646282 C27.1169366,69.7617838 23.931454,69.0729605 24.208838,66.8603276 C24.3533167,65.7078514 25.9403832,64.5292172 28.9700376,63.3244248 Z\" \/><\/svg><span class=\"wp-block-social-link-label screen-reader-text\">Globe Funder Telegram<\/span><\/a><\/li>\n\n<li class=\"wp-social-link wp-social-link-mail  wp-block-social-link\"><a href=\"mailto:info@globefunder.com\" class=\"wp-block-social-link-anchor\"><svg width=\"24\" height=\"24\" viewBox=\"0 0 24 24\" version=\"1.1\" xmlns=\"http:\/\/www.w3.org\/2000\/svg\" aria-hidden=\"true\" focusable=\"false\"><path d=\"M19,5H5c-1.1,0-2,.9-2,2v10c0,1.1.9,2,2,2h14c1.1,0,2-.9,2-2V7c0-1.1-.9-2-2-2zm.5,12c0,.3-.2.5-.5.5H5c-.3,0-.5-.2-.5-.5V9.8l7.5,5.6,7.5-5.6V17zm0-9.1L12,13.6,4.5,7.9V7c0-.3.2-.5.5-.5h14c.3,0,.5.2.5.5v.9z\"><\/path><\/svg><span class=\"wp-block-social-link-label screen-reader-text\">Globe Funder email.<\/span><\/a><\/li><\/ul>\n\n<\/div><\/div>","protected":false},"excerpt":{"rendered":"<p>Despre echipa Globe Funder Globe Funder nu ar putea exista f\u0103r\u0103 o echip\u0103 puternic\u0103, profesional\u0103 \u0219i interna\u021bional\u0103 care \u00ee\u021bi furnizeaz\u0103 cuno\u0219tin\u021bele \u0219i instrumentele. Mai jos po\u021bi vedea c\u00e2\u021biva dintre membrii echipei noastre care lucreaz\u0103 activ pentru a-\u021bi furniza un con\u021binut de calitate din domeniul finan\u021belor personale \u0219i din spa\u021biul de afacerilor online. Exist\u0103 mai multe persoane din culise care faciliteaz\u0103<\/p>\n","protected":false},"author":1,"featured_media":18945,"parent":0,"menu_order":0,"comment_status":"closed","ping_status":"closed","template":"","meta":{"_acf_changed":false,"footnotes":""},"class_list":{"0":"post-17218","1":"page","2":"type-page","3":"status-publish","4":"has-post-thumbnail","6":"infinite-scroll-item"},"acf":[],"yoast_head":"<!-- This site is optimized with the Yoast SEO plugin v27.3 - https:\/\/yoast.com\/product\/yoast-seo-wordpress\/ -->\n<title>Despre Globe Funder - proiectul \u0219i echipa din spatele acestuia<\/title>\n<meta name=\"description\" content=\"Despre Globe Funder - o resurs\u0103 online inovatoare pentru persoanele care doresc independen\u021ba financiar\u0103 prin utilizarea oportunit\u0103\u021bilor globale.\" \/>\n<meta name=\"robots\" content=\"index, follow, max-snippet:-1, max-image-preview:large, max-video-preview:-1\" \/>\n<link rel=\"canonical\" href=\"https:\/\/globefunder.com\/ro\/despre-globe-funder\/\" \/>\n<meta property=\"og:locale\" content=\"ro_RO\" \/>\n<meta property=\"og:type\" content=\"article\" \/>\n<meta property=\"og:title\" content=\"Despre Globe Funder - proiectul \u0219i echipa din spatele acestuia\" \/>\n<meta property=\"og:description\" content=\"Despre Globe Funder - o resurs\u0103 online inovatoare pentru persoanele care doresc independen\u021ba financiar\u0103 prin utilizarea oportunit\u0103\u021bilor globale.\" \/>\n<meta property=\"og:url\" content=\"https:\/\/globefunder.com\/ro\/despre-globe-funder\/\" \/>\n<meta property=\"og:site_name\" content=\"Globe Funder\" \/>\n<meta property=\"article:publisher\" content=\"https:\/\/www.facebook.com\/globefunder\" \/>\n<meta property=\"article:modified_time\" content=\"2022-09-19T07:20:09+00:00\" \/>\n<meta property=\"og:image\" content=\"https:\/\/globefunder.com\/wp-content\/uploads\/Despre-Globe-Funder.jpeg\" \/>\n\t<meta property=\"og:image:width\" content=\"1200\" \/>\n\t<meta property=\"og:image:height\" content=\"628\" \/>\n\t<meta property=\"og:image:type\" content=\"image\/jpeg\" \/>\n<meta name=\"twitter:card\" content=\"summary_large_image\" \/>\n<meta name=\"twitter:title\" content=\"Despre Globe Funder - proiectul \u0219i echipa din spatele acestuia\" \/>\n<meta name=\"twitter:description\" content=\"Despre Globe Funder - o resurs\u0103 online inovatoare pentru persoanele care doresc independen\u021ba financiar\u0103 prin utilizarea oportunit\u0103\u021bilor globale.\" \/>\n<meta name=\"twitter:image\" content=\"https:\/\/globefunder.com\/wp-content\/uploads\/Despre-Globe-Funder.jpeg\" \/>\n<meta name=\"twitter:site\" content=\"@GlobeFunder\" \/>\n<meta name=\"twitter:label1\" content=\"Timp estimat pentru citire\" \/>\n\t<meta name=\"twitter:data1\" content=\"3 minute\" \/>\n<script type=\"application\/ld+json\" class=\"yoast-schema-graph\">{\"@context\":\"https:\\\/\\\/schema.org\",\"@graph\":[{\"@type\":[\"WebPage\",\"AboutPage\"],\"@id\":\"https:\\\/\\\/globefunder.com\\\/ro\\\/despre-globe-funder\\\/\",\"url\":\"https:\\\/\\\/globefunder.com\\\/ro\\\/despre-globe-funder\\\/\",\"name\":\"Despre Globe Funder - proiectul \u0219i echipa din spatele acestuia\",\"isPartOf\":{\"@id\":\"https:\\\/\\\/globefunder.com\\\/ro\\\/#website\"},\"primaryImageOfPage\":{\"@id\":\"https:\\\/\\\/globefunder.com\\\/ro\\\/despre-globe-funder\\\/#primaryimage\"},\"image\":{\"@id\":\"https:\\\/\\\/globefunder.com\\\/ro\\\/despre-globe-funder\\\/#primaryimage\"},\"thumbnailUrl\":\"https:\\\/\\\/globefunder.com\\\/wp-content\\\/uploads\\\/Despre-Globe-Funder.webp\",\"datePublished\":\"2022-09-19T06:19:00+00:00\",\"dateModified\":\"2022-09-19T07:20:09+00:00\",\"description\":\"Despre Globe Funder - o resurs\u0103 online inovatoare pentru persoanele care doresc independen\u021ba financiar\u0103 prin utilizarea oportunit\u0103\u021bilor globale.\",\"breadcrumb\":{\"@id\":\"https:\\\/\\\/globefunder.com\\\/ro\\\/despre-globe-funder\\\/#breadcrumb\"},\"inLanguage\":\"ro-RO\",\"potentialAction\":[{\"@type\":\"ReadAction\",\"target\":[\"https:\\\/\\\/globefunder.com\\\/ro\\\/despre-globe-funder\\\/\"]}]},{\"@type\":\"ImageObject\",\"inLanguage\":\"ro-RO\",\"@id\":\"https:\\\/\\\/globefunder.com\\\/ro\\\/despre-globe-funder\\\/#primaryimage\",\"url\":\"https:\\\/\\\/globefunder.com\\\/wp-content\\\/uploads\\\/Despre-Globe-Funder.webp\",\"contentUrl\":\"https:\\\/\\\/globefunder.com\\\/wp-content\\\/uploads\\\/Despre-Globe-Funder.webp\",\"width\":1200,\"height\":630,\"caption\":\"Despre Globe Funder\"},{\"@type\":\"BreadcrumbList\",\"@id\":\"https:\\\/\\\/globefunder.com\\\/ro\\\/despre-globe-funder\\\/#breadcrumb\",\"itemListElement\":[{\"@type\":\"ListItem\",\"position\":1,\"name\":\"Prima pagin\u0103\",\"item\":\"https:\\\/\\\/globefunder.com\\\/ro\\\/\"},{\"@type\":\"ListItem\",\"position\":2,\"name\":\"Despre Globe Funder\"}]},{\"@type\":\"WebSite\",\"@id\":\"https:\\\/\\\/globefunder.com\\\/ro\\\/#website\",\"url\":\"https:\\\/\\\/globefunder.com\\\/ro\\\/\",\"name\":\"Globe Funder\",\"description\":\"Better Financial Awareness\",\"publisher\":{\"@id\":\"https:\\\/\\\/globefunder.com\\\/ro\\\/#organization\"},\"alternateName\":\"GF\",\"potentialAction\":[{\"@type\":\"SearchAction\",\"target\":{\"@type\":\"EntryPoint\",\"urlTemplate\":\"https:\\\/\\\/globefunder.com\\\/ro\\\/?s={search_term_string}\"},\"query-input\":{\"@type\":\"PropertyValueSpecification\",\"valueRequired\":true,\"valueName\":\"search_term_string\"}}],\"inLanguage\":\"ro-RO\"},{\"@type\":\"Organization\",\"@id\":\"https:\\\/\\\/globefunder.com\\\/ro\\\/#organization\",\"name\":\"Globe Funder\",\"alternateName\":\"GlobeFunder\",\"url\":\"https:\\\/\\\/globefunder.com\\\/ro\\\/\",\"logo\":{\"@type\":\"ImageObject\",\"inLanguage\":\"ro-RO\",\"@id\":\"https:\\\/\\\/globefunder.com\\\/ro\\\/#\\\/schema\\\/logo\\\/image\\\/\",\"url\":\"https:\\\/\\\/globefunder.com\\\/wp-content\\\/uploads\\\/Globe-Funder-logo-1.webp\",\"contentUrl\":\"https:\\\/\\\/globefunder.com\\\/wp-content\\\/uploads\\\/Globe-Funder-logo-1.webp\",\"width\":512,\"height\":109,\"caption\":\"Globe Funder\"},\"image\":{\"@id\":\"https:\\\/\\\/globefunder.com\\\/ro\\\/#\\\/schema\\\/logo\\\/image\\\/\"},\"sameAs\":[\"https:\\\/\\\/www.facebook.com\\\/globefunder\",\"https:\\\/\\\/x.com\\\/GlobeFunder\",\"https:\\\/\\\/www.pinterest.co.uk\\\/globefunder\\\/\",\"https:\\\/\\\/www.linkedin.com\\\/company\\\/globefunder\\\/\"]}]}<\/script>\n<!-- \/ Yoast SEO plugin. -->","yoast_head_json":{"title":"Despre Globe Funder - proiectul \u0219i echipa din spatele acestuia","description":"Despre Globe Funder - o resurs\u0103 online inovatoare pentru persoanele care doresc independen\u021ba financiar\u0103 prin utilizarea oportunit\u0103\u021bilor globale.","robots":{"index":"index","follow":"follow","max-snippet":"max-snippet:-1","max-image-preview":"max-image-preview:large","max-video-preview":"max-video-preview:-1"},"canonical":"https:\/\/globefunder.com\/ro\/despre-globe-funder\/","og_locale":"ro_RO","og_type":"article","og_title":"Despre Globe Funder - proiectul \u0219i echipa din spatele acestuia","og_description":"Despre Globe Funder - o resurs\u0103 online inovatoare pentru persoanele care doresc independen\u021ba financiar\u0103 prin utilizarea oportunit\u0103\u021bilor globale.","og_url":"https:\/\/globefunder.com\/ro\/despre-globe-funder\/","og_site_name":"Globe Funder","article_publisher":"https:\/\/www.facebook.com\/globefunder","article_modified_time":"2022-09-19T07:20:09+00:00","og_image":[{"width":1200,"height":628,"url":"https:\/\/globefunder.com\/wp-content\/uploads\/Despre-Globe-Funder.jpeg","type":"image\/jpeg"}],"twitter_card":"summary_large_image","twitter_title":"Despre Globe Funder - proiectul \u0219i echipa din spatele acestuia","twitter_description":"Despre Globe Funder - o resurs\u0103 online inovatoare pentru persoanele care doresc independen\u021ba financiar\u0103 prin utilizarea oportunit\u0103\u021bilor globale.","twitter_image":"https:\/\/globefunder.com\/wp-content\/uploads\/Despre-Globe-Funder.jpeg","twitter_site":"@GlobeFunder","twitter_misc":{"Timp estimat pentru citire":"3 minute"},"schema":{"@context":"https:\/\/schema.org","@graph":[{"@type":["WebPage","AboutPage"],"@id":"https:\/\/globefunder.com\/ro\/despre-globe-funder\/","url":"https:\/\/globefunder.com\/ro\/despre-globe-funder\/","name":"Despre Globe Funder - proiectul \u0219i echipa din spatele acestuia","isPartOf":{"@id":"https:\/\/globefunder.com\/ro\/#website"},"primaryImageOfPage":{"@id":"https:\/\/globefunder.com\/ro\/despre-globe-funder\/#primaryimage"},"image":{"@id":"https:\/\/globefunder.com\/ro\/despre-globe-funder\/#primaryimage"},"thumbnailUrl":"https:\/\/globefunder.com\/wp-content\/uploads\/Despre-Globe-Funder.webp","datePublished":"2022-09-19T06:19:00+00:00","dateModified":"2022-09-19T07:20:09+00:00","description":"Despre Globe Funder - o resurs\u0103 online inovatoare pentru persoanele care doresc independen\u021ba financiar\u0103 prin utilizarea oportunit\u0103\u021bilor globale.","breadcrumb":{"@id":"https:\/\/globefunder.com\/ro\/despre-globe-funder\/#breadcrumb"},"inLanguage":"ro-RO","potentialAction":[{"@type":"ReadAction","target":["https:\/\/globefunder.com\/ro\/despre-globe-funder\/"]}]},{"@type":"ImageObject","inLanguage":"ro-RO","@id":"https:\/\/globefunder.com\/ro\/despre-globe-funder\/#primaryimage","url":"https:\/\/globefunder.com\/wp-content\/uploads\/Despre-Globe-Funder.webp","contentUrl":"https:\/\/globefunder.com\/wp-content\/uploads\/Despre-Globe-Funder.webp","width":1200,"height":630,"caption":"Despre Globe Funder"},{"@type":"BreadcrumbList","@id":"https:\/\/globefunder.com\/ro\/despre-globe-funder\/#breadcrumb","itemListElement":[{"@type":"ListItem","position":1,"name":"Prima pagin\u0103","item":"https:\/\/globefunder.com\/ro\/"},{"@type":"ListItem","position":2,"name":"Despre Globe Funder"}]},{"@type":"WebSite","@id":"https:\/\/globefunder.com\/ro\/#website","url":"https:\/\/globefunder.com\/ro\/","name":"Globe Funder","description":"Better Financial Awareness","publisher":{"@id":"https:\/\/globefunder.com\/ro\/#organization"},"alternateName":"GF","potentialAction":[{"@type":"SearchAction","target":{"@type":"EntryPoint","urlTemplate":"https:\/\/globefunder.com\/ro\/?s={search_term_string}"},"query-input":{"@type":"PropertyValueSpecification","valueRequired":true,"valueName":"search_term_string"}}],"inLanguage":"ro-RO"},{"@type":"Organization","@id":"https:\/\/globefunder.com\/ro\/#organization","name":"Globe Funder","alternateName":"GlobeFunder","url":"https:\/\/globefunder.com\/ro\/","logo":{"@type":"ImageObject","inLanguage":"ro-RO","@id":"https:\/\/globefunder.com\/ro\/#\/schema\/logo\/image\/","url":"https:\/\/globefunder.com\/wp-content\/uploads\/Globe-Funder-logo-1.webp","contentUrl":"https:\/\/globefunder.com\/wp-content\/uploads\/Globe-Funder-logo-1.webp","width":512,"height":109,"caption":"Globe Funder"},"image":{"@id":"https:\/\/globefunder.com\/ro\/#\/schema\/logo\/image\/"},"sameAs":["https:\/\/www.facebook.com\/globefunder","https:\/\/x.com\/GlobeFunder","https:\/\/www.pinterest.co.uk\/globefunder\/","https:\/\/www.linkedin.com\/company\/globefunder\/"]}]}},"_links":{"self":[{"href":"https:\/\/globefunder.com\/ro\/wp-json\/wp\/v2\/pages\/17218","targetHints":{"allow":["GET"]}}],"collection":[{"href":"https:\/\/globefunder.com\/ro\/wp-json\/wp\/v2\/pages"}],"about":[{"href":"https:\/\/globefunder.com\/ro\/wp-json\/wp\/v2\/types\/page"}],"author":[{"embeddable":true,"href":"https:\/\/globefunder.com\/ro\/wp-json\/wp\/v2\/users\/1"}],"replies":[{"embeddable":true,"href":"https:\/\/globefunder.com\/ro\/wp-json\/wp\/v2\/comments?post=17218"}],"version-history":[{"count":0,"href":"https:\/\/globefunder.com\/ro\/wp-json\/wp\/v2\/pages\/17218\/revisions"}],"wp:featuredmedia":[{"embeddable":true,"href":"https:\/\/globefunder.com\/ro\/wp-json\/wp\/v2\/media\/18945"}],"wp:attachment":[{"href":"https:\/\/globefunder.com\/ro\/wp-json\/wp\/v2\/media?parent=17218"}],"curies":[{"name":"wp","href":"https:\/\/api.w.org\/{rel}","templated":true}]}}