{"id":3589,"date":"2022-01-08T14:31:00","date_gmt":"2022-01-08T12:31:00","guid":{"rendered":"https:\/\/globefunder.com\/?page_id=3589"},"modified":"2022-09-19T13:47:27","modified_gmt":"2022-09-19T11:47:27","slug":"privatuma-politika","status":"publish","type":"page","link":"https:\/\/globefunder.com\/lv\/privatuma-politika\/","title":{"rendered":"Priv\u0101tuma politika &#8211; GlobeFunder"},"content":{"rendered":"<div class=\"gb-container gb-container-681ade4c\"><div class=\"gb-inside-container\">\n\n<h2 class=\"wp-block-heading\">1. Priv\u0101tuma politikas ievads<\/h2>\n\n\n\n<p>M\u016bsupr\u0101t, uztic\u012bba un p\u0101rredzam\u012bba person\u012bgo finan\u0161u jom\u0101 ir svar\u012bga. M\u0113s uzskat\u0101m, ka jums j\u0101zina, k\u0101 tiek izmantota \u0161aj\u0101 vietn\u0113 apkopot\u0101 inform\u0101cija. \u0160\u012b priv\u0101tuma politika attiecas uz inform\u0101ciju, kas tiek iev\u0101kta, uzglab\u0101ta un apstr\u0101d\u0101ta vietn\u0113 globefunder.com. Saska\u0146\u0101 ar m\u016bsu iesp\u0113j\u0101m globefunder.com vad\u012bbas un redaktoru komanda augstu v\u0113rt\u0113 j\u016bsu priv\u0101tumu un ir ap\u0146emas to aizsarg\u0101t, izmantojot m\u016bsu vietni saska\u0146\u0101 ar Regul\u0101 (ES) 2016\/679 (zin\u0101ma ar\u012b k\u0101 GDPR) noteiktaj\u0101m pras\u012bb\u0101m.<\/p>\n\n\n\n<h2 class=\"wp-block-heading\">2. K\u0101 inform\u0101cija tiek apkopota?<\/h2>\n\n\n\n<h3 class=\"wp-block-heading\">2.1. Apkopot\u0101 inform\u0101cija<\/h3>\n\n\n\n<p><strong>Vietnes apmekl\u0113t\u0101ji: <\/strong>kad apmekl\u0113jat m\u016bsu vietni, m\u0113s apkopojam standarta t\u012bmek\u013ca inform\u0101ciju, piem\u0113ram, IP adresi, p\u0101rl\u016bka veidu, laiku, lapas, kur\u0101m piek\u013cuv\u0101t, inform\u0101ciju par ier\u012bci utt. \u0160\u012b inform\u0101cija tiek apkopota autom\u0101tiski, un t\u0101 nav personiski identific\u0113jama.<\/p>\n\n\n\n<p><strong>S\u012bkdatnes: <\/strong>\u0161aj\u0101 vietn\u0113 tiek izmantotas reklam\u0113\u0161anas un anal\u012bzes tehnolo\u0123ijas (s\u012bkfaili no j\u016bsu ier\u012bces). \u201cS\u012bkdatne\u201d ir neliela da\u013ca datu, kas tiek nos\u016bt\u012bti no vietnes un saglab\u0101ti j\u016bsu ier\u012bc\u0113. \u201cS\u012bkdatn\u0113\u201d ir iek\u013cauts unik\u0101ls identifikators, kas mums pal\u012bdz nodro\u0161in\u0101t lab\u0101ku lietot\u0101ja pieredzi. Vair\u0101k inform\u0101cijas par s\u012bkdatn\u0113m varat atrast <a rel=\"noreferrer noopener nofollow\" href=\"https:\/\/en.wikipedia.org\/wiki\/HTTP_cookie\" target=\"_blank\">\u0161eit<\/a>.<\/p>\n\n\n\n<p><strong>Apmekl\u0113juma statistika: <\/strong>m\u0113s izmantojam Google Analytics, lai izsekotu lietot\u0101ju r\u012bc\u012bbu m\u016bsu vietn\u0113. M\u016bsu apkopot\u0101 inform\u0101cija ietver, bet neaprobe\u017eojas ar: vietn\u0113 pavad\u012bto laiku, apmekl\u0113taj\u0101m lap\u0101m, novirz\u012b\u0161anas avotu, lieto\u0161anas statistiku, atra\u0161an\u0101s vietu, ier\u012bces tipu, p\u0101rl\u016bka veidu utt. Pla\u0161\u0101ku inform\u0101ciju par Google Analytics varat atrast <a href=\"https:\/\/developers.google.com\/analytics\/devguides\/collection\/analyticsjs\/cookie-usage?hl=en-GB\" target=\"_blank\" rel=\"noreferrer noopener nofollow\">\u0161eit<\/a>.<\/p>\n\n\n\n<h3 class=\"wp-block-heading\">2.2. J\u016bsu sniegt\u0101 inform\u0101cija<\/h3>\n\n\n\n<p><strong>Person\u012bg\u0101 inform\u0101cija:<\/strong> ja j\u016bs izmantojat k\u0101du no m\u016bsu vietn\u0113 pieejamaj\u0101m kontaktu form\u0101m, koment\u0101ru sada\u013c\u0101m, j\u016bsu ievad\u012bt\u0101 inform\u0101cija, j\u016bsu inform\u0101cija var tiek uzkr\u0101ta un var tikt izmantota, lai sazin\u0101tos ar jums vai m\u0101rketinga nol\u016bkos. M\u016bsu vietn\u0113 ir sazi\u0146as, koment\u0101ru, apskatu veidlapas, atsauksmju veidlapas un citas iesp\u0113jas akt\u012bvi iesaist\u012bties m\u0101jas lapas satura veido\u0161an\u0101. M\u0113s uzkr\u0101jam inform\u0101ciju par saraksti ar m\u016bsu satura nodro\u0161in\u0101t\u0101jiem un partneriem.&nbsp;<\/p>\n\n\n\n<p><strong>Inform\u0101cija, kas tiek iev\u0101kta no partneriem:<\/strong> m\u0113s sadarbojamies ar citiem uz\u0146\u0113mumiem un vietn\u0113m, kuri mums sniedz papildu datus un inform\u0101ciju, lai uzlabotu m\u016bsu pakalpojumus un saturu. \u0160\u0101dos gad\u012bjumos m\u0113s cen\u0161amies p\u0101rbaud\u012bt, vai \u0161ie partneri ir pilnvaroti sniegt mums \u0161\u0101du inform\u0101ciju un, vai m\u0113s \u0161o inform\u0101ciju varam izmantot m\u0101rketinga nol\u016bkos. L\u016bdzu, \u0146emiet v\u0113r\u0101, ka pat, ja m\u0113s veicam pien\u0101c\u012bgus prevent\u012bvus pas\u0101kumus, m\u0113s, iesp\u0113jams, nevar\u0113sim p\u0101rbaud\u012bt visus datus un, vai pakalpojumu sniedz\u0113jam ir pie\u0161\u0137irtas visas nepiecie\u0161am\u0101s ties\u012bbas, lai sniegtu mums \u0161\u0101dus datus vai inform\u0101ciju. Ja jums ir radu\u0161\u0101s ba\u017eas par j\u016bsu personas datu izmanto\u0161anu m\u016bsu vietn\u0113, l\u016bdzu, sazinieties ar m\u016bsu redakciju, un m\u0113s r\u012bkosimies, lai \u0161os jaut\u0101jumus p\u0113c m\u016bsu iesp\u0113j\u0101m atrisin\u0101tu.<\/p>\n\n\n\n<h2 class=\"wp-block-heading\">3. J\u016bsu inform\u0101cijas izmanto\u0161ana<\/h2>\n\n\n\n<p>Vietn\u0113 globefunder.com apkopot\u0101 inform\u0101cija tiek izmantota dro\u0161\u012bbas, m\u0101rketinga un statistikas m\u0113r\u0137iem, k\u0101 ar\u012b globefunder.com vietnes veiktsp\u0113jas un darb\u012bbas nodro\u0161in\u0101\u0161anai un uzlabo\u0161anai. M\u0113s varam izmantot inform\u0101ciju, lai sazin\u0101tos ar jums vai inform\u0113tu j\u016bs par j\u016bsu interes\u0113jo\u0161ajiem jaunumiem, ja esat \u0161\u0101du v\u0113lmi izr\u0101d\u012bju\u0161i. Jums ir pilnas ties\u012bbas atteikties jebkur\u0101 laik\u0101, ja nolemjat, ka \u0161\u0101du inform\u0101ciju no mums vair\u0101k nev\u0113laties sa\u0146emt. <\/p>\n\n\n\n<h2 class=\"wp-block-heading\">4. Inform\u0101cijas atkl\u0101\u0161ana un inform\u0101cijas apmai\u0146a<\/h2>\n\n\n\n<p>GlobeFunder neatkl\u0101s un neizplat\u012bs j\u016bsu personisko inform\u0101ciju nevienai no tre\u0161aj\u0101m pus\u0113m, kas nav saist\u012btas ar \u0161\u012bs vietnes darb\u012bbu. M\u0113s izpau\u017eam personas datus tikai GlobeFunder saist\u012btajiem uz\u0146\u0113mumiem vai sadarb\u012bbas uz\u0146\u0113mumiem, kad tas ir nepiecie\u0161ams, lai sniegtu m\u016bsu pakalpojumus vai izpild\u012btu darb\u012bbas vai likum\u012bg\u0101s pras\u012bbas, kas ietver, bet neaprobe\u017eojas ar aizsardz\u012bbu pret kr\u0101p\u0161anu tie\u0161saist\u0113, nesankcion\u0113tu piek\u013cuvi, pretenzij\u0101m vai citiem m\u0113r\u0137iem.&nbsp;<\/p>\n\n\n\n<p>Apkopoto inform\u0101ciju, kas netiek uzskat\u012bta par personas datiem, m\u0113s varam kop\u012bgot ar saist\u012btajiem uz\u0146\u0113mumiem, rekl\u0101mdev\u0113jiem, m\u0101rketinga partneriem, platform\u0101m vai sdarb\u012bbas partneriem. M\u0113s to dar\u0101m, lai m\u016bsu saist\u012btajiem uz\u0146\u0113mumiem sniegtu inform\u0101ciju, kas rekl\u0101mdev\u0113jiem, z\u012bmoliem un cit\u0101m tre\u0161aj\u0101m pus\u0113m \u013cautu noteikt, vai m\u016bsu vietne ir piem\u0113rota sadarb\u012bbai un, vai abas puses var sadarboties, lai m\u016bsu apmekl\u0113t\u0101jiem sniegtu lab\u0101ku inform\u0101ciju un pakalpojumus.<\/p>\n\n\n\n<h3 class=\"wp-block-heading\">4.1. Tre\u0161\u0101s puses un partneri<\/h3>\n\n\n\n<p>globefunder.com var ietvert saites uz tre\u0161o pu\u0161u vietn\u0113m, kas nav m\u016bsu kontrol\u0113 un, ko nodro\u0161ina m\u016bsu <a href=\"https:\/\/globefunder.com\/advertise-with-us\/\">rekl\u0101mdev\u0113ji<\/a>. Izmantojot \u0161\u0101das saites, \u0146emiet v\u0113r\u0101, ka uz katru vietni attiecas t\u0101s priv\u0101tuma un datu aizsardz\u012bbas politika un \u0161\u012b priv\u0101tuma politika to neietver. M\u0113s at\u013caujam tre\u0161o personu uz\u0146\u0113mumiem r\u0101d\u012bt rekl\u0101mas un \/ vai apkopot noteiktu anon\u012bmu inform\u0101ciju, kad apmekl\u0113jat m\u016bsu vietni. \u0160ie uz\u0146\u0113mumi var ievietot un las\u012bt s\u012bkfailus. <\/p>\n\n\n\n<h2 class=\"wp-block-heading\">5. Datu aizsardz\u012bba<\/h2>\n\n\n\n<p>M\u0113s viecam da\u017e\u0101dus fiziskus un elektroniskus dro\u0161\u012bbas pas\u0101kumus, lai aizsarg\u0101tu inform\u0101ciju, ko m\u0113s iev\u0101cam no m\u016bsu vietnes lietot\u0101jiem. Lai nodro\u0161in\u0101tu vietnes veiktsp\u0113ju, m\u0113s izmantojam tre\u0161o pu\u0161u pakalpojumu sniedz\u0113jus, lai nodro\u0161in\u0101tu nepiecie\u0161amo aparat\u016bru, programmat\u016bru, t\u012bklo\u0161anu, glab\u0101\u0161anu un saist\u012bto tehnolo\u0123iju, kas nepiecie\u0161ama vietnes darb\u012bbai. M\u0113s uzskat\u0101m, ka m\u016bsu izv\u0113l\u0113tie partneri ir uzticami, un vi\u0146i veic nepiecie\u0161amos pas\u0101kumus, lai nodro\u0161in\u0101tu dro\u0161\u012bbu, lai pasarg\u0101tu inform\u0101ciju no nesankcion\u0113tas piek\u013cuves. L\u016bdzu, \u0146emiet v\u0113r\u0101, ka neviena p\u0101rs\u016bt\u012b\u0161anas metode internet\u0101 vai elektronisk\u0101s glab\u0101\u0161anas metode nav piln\u012bb\u0101 dro\u0161a. T\u0101p\u0113c m\u0113s nevaram garant\u0113t j\u016bsu personas datu absol\u016btu dro\u0161\u012bbu. Tom\u0113r m\u0113s iesak\u0101m veikt visus piesardz\u012bbas pas\u0101kumus, lai aizsarg\u0101tu savus personas datus, atrodoties internet\u0101, un inform\u0113jiet m\u016bs, ja uzskat\u0101t, ka ir notikusi inform\u0101cijas nopl\u016bde no m\u016bsu vietnes vai serveriem.<\/p>\n\n\n\n<p>Ja vien \u0161aj\u0101 pazi\u0146ojum\u0101 par priv\u0101tumu nav min\u0113ts cit\u0101di, m\u0113s ierobe\u017eojam piek\u013cuvi j\u016bsu personas datiem tikai tiem sadarb\u012bbas partneriem, redaktoriem un satura veidot\u0101jiem, kuriem \u0161\u012b inform\u0101cija ir nepiecie\u0161ama, lai to var\u0113tu apstr\u0101d\u0101t m\u016bsu viet\u0101 vai sniegt jums pakalpojumus.<\/p>\n\n\n\n<h2 class=\"wp-block-heading\">6. Piek\u013cuve j\u016bsu personiskajai inform\u0101cijai<\/h2>\n\n\n\n<p>Jums ir ties\u012bbas piepras\u012bt personas datus, kas mums ir par jums, lai p\u0101rbaud\u012btu inform\u0101ciju un t\u0101s pareiz\u012bbu. L\u016bdzu, \u0146emiet v\u0113r\u0101, ka var b\u016bt gad\u012bjumi, kad piek\u013cuve var b\u016bt aizliegta vai ierobe\u017eota. Ja v\u0113laties p\u0101rbaud\u012bt personas datus, kas mums ir par jums, l\u016bdzu, sazinieties ar mums pa e-pastu privacy@globefunder.com. L\u016bdzu, sniedziet mums pietiekamu inform\u0101ciju par sevi, lai identific\u0113tu j\u016bs un konkr\u0113to inform\u0101ciju, kuru piepras\u0101t. L\u016bdzu, dodiet mums laiku, lai atbild\u0113tu uz j\u016bsu piepras\u012bjumu.<\/p>\n\n\n\n<h2 class=\"wp-block-heading\">7. Priv\u0101tuma politikas atjaunin\u0101jumi<\/h2>\n\n\n\n<p>Visas izmai\u0146as vai atjaunin\u0101jumi \u0161aj\u0101 pazi\u0146ojum\u0101 par konfidencialit\u0101ti tiks public\u0113ti \u0161eit, un m\u0113s iesak\u0101m laiku pa laikam p\u0101rbaud\u012bt, vai \u0161aj\u0101 lap\u0101 nav izmai\u0146u vai atjaunin\u0101jumu.&nbsp;<\/p>\n\n\n\n<p>\u0160\u012b priv\u0101tuma politika p\u0113d\u0113jo reizi tika atjaunin\u0101ta: 2020. gada 8. decembr\u012b.<\/p>\n\n\n\n<h2 class=\"wp-block-heading\">8. Kontaktinform\u0101cija<\/h2>\n\n\n\n<p>Ja jums ir k\u0101di jaut\u0101jumi, koment\u0101ri vai ba\u017eas par \u0161o konfidencialit\u0101tes politiku, l\u016bdzu, sazinieties ar mums, izmantojot e-pastu: <a href=\"mailto:info@globefunder.com\" target=\"_blank\" rel=\"noreferrer noopener\">info@globefunder.com<\/a>.<\/p>\n\n<\/div><\/div>","protected":false},"excerpt":{"rendered":"<p>1. Priv\u0101tuma politikas ievads M\u016bsupr\u0101t, uztic\u012bba un p\u0101rredzam\u012bba person\u012bgo finan\u0161u jom\u0101 ir svar\u012bga. M\u0113s uzskat\u0101m, ka jums j\u0101zina, k\u0101 tiek izmantota \u0161aj\u0101 vietn\u0113 apkopot\u0101 inform\u0101cija. \u0160\u012b priv\u0101tuma politika attiecas uz inform\u0101ciju, kas tiek iev\u0101kta, uzglab\u0101ta un apstr\u0101d\u0101ta vietn\u0113 globefunder.com. Saska\u0146\u0101 ar m\u016bsu iesp\u0113j\u0101m globefunder.com vad\u012bbas un redaktoru komanda augstu v\u0113rt\u0113 j\u016bsu priv\u0101tumu un ir ap\u0146emas to aizsarg\u0101t, izmantojot m\u016bsu vietni<\/p>\n","protected":false},"author":1,"featured_media":16120,"parent":0,"menu_order":0,"comment_status":"closed","ping_status":"closed","template":"","meta":{"_acf_changed":false,"footnotes":""},"class_list":{"0":"post-3589","1":"page","2":"type-page","3":"status-publish","4":"has-post-thumbnail","6":"infinite-scroll-item"},"acf":[],"yoast_head":"<!-- This site is optimized with the Yoast SEO plugin v27.2 - https:\/\/yoast.com\/product\/yoast-seo-wordpress\/ -->\n<title>Priv\u0101tuma politika un j\u016bsu personas datu aizsardz\u012bba - Globe Funder<\/title>\n<meta name=\"description\" content=\"Lietojot Globe Funder vietni, m\u0113s \u0146emam v\u0113r\u0101 j\u016bsu priv\u0101tumu. Noskaidrojiet, k\u0101du inform\u0101ciju m\u0113s apkopojam un k\u0101 t\u0101 tiek izmantota.\" \/>\n<meta name=\"robots\" content=\"index, follow, max-snippet:-1, max-image-preview:large, max-video-preview:-1\" \/>\n<link rel=\"canonical\" href=\"https:\/\/globefunder.com\/lv\/privatuma-politika\/\" \/>\n<meta property=\"og:locale\" content=\"lv_LV\" \/>\n<meta property=\"og:type\" content=\"article\" \/>\n<meta property=\"og:title\" content=\"Priv\u0101tuma politika un j\u016bsu personas datu aizsardz\u012bba - Globe Funder\" \/>\n<meta property=\"og:description\" content=\"Lietojot Globe Funder vietni, m\u0113s \u0146emam v\u0113r\u0101 j\u016bsu priv\u0101tumu. Noskaidrojiet, k\u0101du inform\u0101ciju m\u0113s apkopojam un k\u0101 t\u0101 tiek izmantota.\" \/>\n<meta property=\"og:url\" content=\"https:\/\/globefunder.com\/lv\/privatuma-politika\/\" \/>\n<meta property=\"og:site_name\" content=\"Globe Funder\" \/>\n<meta property=\"article:publisher\" content=\"https:\/\/www.facebook.com\/globefunder\" \/>\n<meta property=\"article:modified_time\" content=\"2022-09-19T11:47:27+00:00\" \/>\n<meta property=\"og:image\" content=\"https:\/\/globefunder.com\/wp-content\/uploads\/Privatums.jpeg\" \/>\n\t<meta property=\"og:image:width\" content=\"1200\" \/>\n\t<meta property=\"og:image:height\" content=\"630\" \/>\n\t<meta property=\"og:image:type\" content=\"image\/jpeg\" \/>\n<meta name=\"twitter:card\" content=\"summary_large_image\" \/>\n<meta name=\"twitter:title\" content=\"Priv\u0101tuma politika un j\u016bsu personas datu aizsardz\u012bba - Globe Funder\" \/>\n<meta name=\"twitter:description\" content=\"Lietojot Globe Funder vietni, m\u0113s \u0146emam v\u0113r\u0101 j\u016bsu priv\u0101tumu. Noskaidrojiet, k\u0101du inform\u0101ciju m\u0113s apkopojam un k\u0101 t\u0101 tiek izmantota.\" \/>\n<meta name=\"twitter:image\" content=\"https:\/\/globefunder.com\/wp-content\/uploads\/Privatums.jpeg\" \/>\n<meta name=\"twitter:site\" content=\"@GlobeFunder\" \/>\n<meta name=\"twitter:label1\" content=\"Est. reading time\" \/>\n\t<meta name=\"twitter:data1\" content=\"5 minutes\" \/>\n<script type=\"application\/ld+json\" class=\"yoast-schema-graph\">{\"@context\":\"https:\/\/schema.org\",\"@graph\":[{\"@type\":\"WebPage\",\"@id\":\"https:\/\/globefunder.com\/lv\/privatuma-politika\/\",\"url\":\"https:\/\/globefunder.com\/lv\/privatuma-politika\/\",\"name\":\"Priv\u0101tuma politika un j\u016bsu personas datu aizsardz\u012bba - Globe Funder\",\"isPartOf\":{\"@id\":\"https:\/\/globefunder.com\/lv\/#website\"},\"primaryImageOfPage\":{\"@id\":\"https:\/\/globefunder.com\/lv\/privatuma-politika\/#primaryimage\"},\"image\":{\"@id\":\"https:\/\/globefunder.com\/lv\/privatuma-politika\/#primaryimage\"},\"thumbnailUrl\":\"https:\/\/globefunder.com\/wp-content\/uploads\/Privatuma-politika.webp\",\"datePublished\":\"2022-01-08T12:31:00+00:00\",\"dateModified\":\"2022-09-19T11:47:27+00:00\",\"description\":\"Lietojot Globe Funder vietni, m\u0113s \u0146emam v\u0113r\u0101 j\u016bsu priv\u0101tumu. Noskaidrojiet, k\u0101du inform\u0101ciju m\u0113s apkopojam un k\u0101 t\u0101 tiek izmantota.\",\"breadcrumb\":{\"@id\":\"https:\/\/globefunder.com\/lv\/privatuma-politika\/#breadcrumb\"},\"inLanguage\":\"lv-LV\",\"potentialAction\":[{\"@type\":\"ReadAction\",\"target\":[\"https:\/\/globefunder.com\/lv\/privatuma-politika\/\"]}]},{\"@type\":\"ImageObject\",\"inLanguage\":\"lv-LV\",\"@id\":\"https:\/\/globefunder.com\/lv\/privatuma-politika\/#primaryimage\",\"url\":\"https:\/\/globefunder.com\/wp-content\/uploads\/Privatuma-politika.webp\",\"contentUrl\":\"https:\/\/globefunder.com\/wp-content\/uploads\/Privatuma-politika.webp\",\"width\":1200,\"height\":630,\"caption\":\"Priv\u0101tuma politika\"},{\"@type\":\"BreadcrumbList\",\"@id\":\"https:\/\/globefunder.com\/lv\/privatuma-politika\/#breadcrumb\",\"itemListElement\":[{\"@type\":\"ListItem\",\"position\":1,\"name\":\"S\u0101kums\",\"item\":\"https:\/\/globefunder.com\/lv\/\"},{\"@type\":\"ListItem\",\"position\":2,\"name\":\"Priv\u0101tuma politika &#8211; GlobeFunder\"}]},{\"@type\":\"WebSite\",\"@id\":\"https:\/\/globefunder.com\/lv\/#website\",\"url\":\"https:\/\/globefunder.com\/lv\/\",\"name\":\"Globe Funder\",\"description\":\"Better Financial Awareness\",\"publisher\":{\"@id\":\"https:\/\/globefunder.com\/lv\/#organization\"},\"alternateName\":\"GF\",\"potentialAction\":[{\"@type\":\"SearchAction\",\"target\":{\"@type\":\"EntryPoint\",\"urlTemplate\":\"https:\/\/globefunder.com\/lv\/?s={search_term_string}\"},\"query-input\":{\"@type\":\"PropertyValueSpecification\",\"valueRequired\":true,\"valueName\":\"search_term_string\"}}],\"inLanguage\":\"lv-LV\"},{\"@type\":\"Organization\",\"@id\":\"https:\/\/globefunder.com\/lv\/#organization\",\"name\":\"Globe Funder\",\"alternateName\":\"GlobeFunder\",\"url\":\"https:\/\/globefunder.com\/lv\/\",\"logo\":{\"@type\":\"ImageObject\",\"inLanguage\":\"lv-LV\",\"@id\":\"https:\/\/globefunder.com\/lv\/#\/schema\/logo\/image\/\",\"url\":\"https:\/\/globefunder.com\/wp-content\/uploads\/Globe-Funder-logo-1.webp\",\"contentUrl\":\"https:\/\/globefunder.com\/wp-content\/uploads\/Globe-Funder-logo-1.webp\",\"width\":512,\"height\":109,\"caption\":\"Globe Funder\"},\"image\":{\"@id\":\"https:\/\/globefunder.com\/lv\/#\/schema\/logo\/image\/\"},\"sameAs\":[\"https:\/\/www.facebook.com\/globefunder\",\"https:\/\/x.com\/GlobeFunder\",\"https:\/\/www.pinterest.co.uk\/globefunder\/\",\"https:\/\/www.linkedin.com\/company\/globefunder\/\"]}]}<\/script>\n<!-- \/ Yoast SEO plugin. -->","yoast_head_json":{"title":"Priv\u0101tuma politika un j\u016bsu personas datu aizsardz\u012bba - Globe Funder","description":"Lietojot Globe Funder vietni, m\u0113s \u0146emam v\u0113r\u0101 j\u016bsu priv\u0101tumu. Noskaidrojiet, k\u0101du inform\u0101ciju m\u0113s apkopojam un k\u0101 t\u0101 tiek izmantota.","robots":{"index":"index","follow":"follow","max-snippet":"max-snippet:-1","max-image-preview":"max-image-preview:large","max-video-preview":"max-video-preview:-1"},"canonical":"https:\/\/globefunder.com\/lv\/privatuma-politika\/","og_locale":"lv_LV","og_type":"article","og_title":"Priv\u0101tuma politika un j\u016bsu personas datu aizsardz\u012bba - Globe Funder","og_description":"Lietojot Globe Funder vietni, m\u0113s \u0146emam v\u0113r\u0101 j\u016bsu priv\u0101tumu. Noskaidrojiet, k\u0101du inform\u0101ciju m\u0113s apkopojam un k\u0101 t\u0101 tiek izmantota.","og_url":"https:\/\/globefunder.com\/lv\/privatuma-politika\/","og_site_name":"Globe Funder","article_publisher":"https:\/\/www.facebook.com\/globefunder","article_modified_time":"2022-09-19T11:47:27+00:00","og_image":[{"width":1200,"height":630,"url":"https:\/\/globefunder.com\/wp-content\/uploads\/Privatums.jpeg","type":"image\/jpeg"}],"twitter_card":"summary_large_image","twitter_title":"Priv\u0101tuma politika un j\u016bsu personas datu aizsardz\u012bba - Globe Funder","twitter_description":"Lietojot Globe Funder vietni, m\u0113s \u0146emam v\u0113r\u0101 j\u016bsu priv\u0101tumu. Noskaidrojiet, k\u0101du inform\u0101ciju m\u0113s apkopojam un k\u0101 t\u0101 tiek izmantota.","twitter_image":"https:\/\/globefunder.com\/wp-content\/uploads\/Privatums.jpeg","twitter_site":"@GlobeFunder","twitter_misc":{"Est. reading time":"5 minutes"},"schema":{"@context":"https:\/\/schema.org","@graph":[{"@type":"WebPage","@id":"https:\/\/globefunder.com\/lv\/privatuma-politika\/","url":"https:\/\/globefunder.com\/lv\/privatuma-politika\/","name":"Priv\u0101tuma politika un j\u016bsu personas datu aizsardz\u012bba - Globe Funder","isPartOf":{"@id":"https:\/\/globefunder.com\/lv\/#website"},"primaryImageOfPage":{"@id":"https:\/\/globefunder.com\/lv\/privatuma-politika\/#primaryimage"},"image":{"@id":"https:\/\/globefunder.com\/lv\/privatuma-politika\/#primaryimage"},"thumbnailUrl":"https:\/\/globefunder.com\/wp-content\/uploads\/Privatuma-politika.webp","datePublished":"2022-01-08T12:31:00+00:00","dateModified":"2022-09-19T11:47:27+00:00","description":"Lietojot Globe Funder vietni, m\u0113s \u0146emam v\u0113r\u0101 j\u016bsu priv\u0101tumu. Noskaidrojiet, k\u0101du inform\u0101ciju m\u0113s apkopojam un k\u0101 t\u0101 tiek izmantota.","breadcrumb":{"@id":"https:\/\/globefunder.com\/lv\/privatuma-politika\/#breadcrumb"},"inLanguage":"lv-LV","potentialAction":[{"@type":"ReadAction","target":["https:\/\/globefunder.com\/lv\/privatuma-politika\/"]}]},{"@type":"ImageObject","inLanguage":"lv-LV","@id":"https:\/\/globefunder.com\/lv\/privatuma-politika\/#primaryimage","url":"https:\/\/globefunder.com\/wp-content\/uploads\/Privatuma-politika.webp","contentUrl":"https:\/\/globefunder.com\/wp-content\/uploads\/Privatuma-politika.webp","width":1200,"height":630,"caption":"Priv\u0101tuma politika"},{"@type":"BreadcrumbList","@id":"https:\/\/globefunder.com\/lv\/privatuma-politika\/#breadcrumb","itemListElement":[{"@type":"ListItem","position":1,"name":"S\u0101kums","item":"https:\/\/globefunder.com\/lv\/"},{"@type":"ListItem","position":2,"name":"Priv\u0101tuma politika &#8211; GlobeFunder"}]},{"@type":"WebSite","@id":"https:\/\/globefunder.com\/lv\/#website","url":"https:\/\/globefunder.com\/lv\/","name":"Globe Funder","description":"Better Financial Awareness","publisher":{"@id":"https:\/\/globefunder.com\/lv\/#organization"},"alternateName":"GF","potentialAction":[{"@type":"SearchAction","target":{"@type":"EntryPoint","urlTemplate":"https:\/\/globefunder.com\/lv\/?s={search_term_string}"},"query-input":{"@type":"PropertyValueSpecification","valueRequired":true,"valueName":"search_term_string"}}],"inLanguage":"lv-LV"},{"@type":"Organization","@id":"https:\/\/globefunder.com\/lv\/#organization","name":"Globe Funder","alternateName":"GlobeFunder","url":"https:\/\/globefunder.com\/lv\/","logo":{"@type":"ImageObject","inLanguage":"lv-LV","@id":"https:\/\/globefunder.com\/lv\/#\/schema\/logo\/image\/","url":"https:\/\/globefunder.com\/wp-content\/uploads\/Globe-Funder-logo-1.webp","contentUrl":"https:\/\/globefunder.com\/wp-content\/uploads\/Globe-Funder-logo-1.webp","width":512,"height":109,"caption":"Globe Funder"},"image":{"@id":"https:\/\/globefunder.com\/lv\/#\/schema\/logo\/image\/"},"sameAs":["https:\/\/www.facebook.com\/globefunder","https:\/\/x.com\/GlobeFunder","https:\/\/www.pinterest.co.uk\/globefunder\/","https:\/\/www.linkedin.com\/company\/globefunder\/"]}]}},"_links":{"self":[{"href":"https:\/\/globefunder.com\/lv\/wp-json\/wp\/v2\/pages\/3589","targetHints":{"allow":["GET"]}}],"collection":[{"href":"https:\/\/globefunder.com\/lv\/wp-json\/wp\/v2\/pages"}],"about":[{"href":"https:\/\/globefunder.com\/lv\/wp-json\/wp\/v2\/types\/page"}],"author":[{"embeddable":true,"href":"https:\/\/globefunder.com\/lv\/wp-json\/wp\/v2\/users\/1"}],"replies":[{"embeddable":true,"href":"https:\/\/globefunder.com\/lv\/wp-json\/wp\/v2\/comments?post=3589"}],"version-history":[{"count":0,"href":"https:\/\/globefunder.com\/lv\/wp-json\/wp\/v2\/pages\/3589\/revisions"}],"wp:featuredmedia":[{"embeddable":true,"href":"https:\/\/globefunder.com\/lv\/wp-json\/wp\/v2\/media\/16120"}],"wp:attachment":[{"href":"https:\/\/globefunder.com\/lv\/wp-json\/wp\/v2\/media?parent=3589"}],"curies":[{"name":"wp","href":"https:\/\/api.w.org\/{rel}","templated":true}]}}