{"id":3585,"date":"2022-01-08T20:08:00","date_gmt":"2022-01-08T18:08:00","guid":{"rendered":"https:\/\/globefunder.com\/?page_id=3585"},"modified":"2022-09-19T13:50:46","modified_gmt":"2022-09-19T11:50:46","slug":"atruna","status":"publish","type":"page","link":"https:\/\/globefunder.com\/lv\/atruna\/","title":{"rendered":"Atruna"},"content":{"rendered":"\n<div class=\"wp-block-group\"><div class=\"wp-block-group__inner-container is-layout-flow wp-block-group-is-layout-flow\"><div class=\"gb-container gb-container-faa7f395\"><div class=\"gb-inside-container\">\n\n<p>globefunder.com nav finan\u0161u iest\u0101de, un t\u0101 nav atbild\u012bga par pakalpojumiem vai produktiem, ko \u0161aj\u0101 vietn\u0113 reklam\u0113 tre\u0161\u0101s personas. Nekas, kas tiek apspriests \u0161aj\u0101 interneta vietn\u0113 nav vai nevar tikt uzskat\u012bts par finansi\u0101lu vai citu padomu vai ieteikumu ieg\u0101d\u0101ties k\u0101du produktu vai pakalpojumu. Visa vietn\u0113 sniegt\u0101 inform\u0101cija ir paredz\u0113ta tikai visp\u0101r\u012bgiem inform\u0101cijas nol\u016bkiem. T\u0101d\u0113j\u0101di t\u012bmek\u013ca vietnes administr\u0101cija un komanda nav atbild\u012bga par jebk\u0101d\u0101m vietnes apmekl\u0113t\u0101ju veiktaj\u0101m darb\u012bb\u0101m saist\u012bb\u0101 ar tirdzniec\u012bbu vai ieguld\u012bjumiem finan\u0161u tirgos. Vienm\u0113r izv\u0113rt\u0113jiet un konsult\u0113jaties ar attiec\u012bg\u0101s jomas speci\u0101listiem pirms pie\u0146emt l\u0113mumu izmantot, k\u0101du no \u0161aj\u0101 vietn\u0113 apsriepstajiem produktiem vai metod\u0113m. <\/p>\n\n\n\n<p>M\u016bsu m\u0113r\u0137is ir sniegt vietnes apmekl\u0113t\u0101jiem objekt\u012bvu un noder\u012bgu inform\u0101ciju, tom\u0113r m\u0113s nevaram garant\u0113t, ka inform\u0101cija ir piln\u012bga, prec\u012bza vai atjaunin\u0101ta. Par jebkur\u0101m neprecizit\u0101t\u0113m vai k\u013c\u016bd\u0101m, m\u0113s aicin\u0101m j\u016bs zi\u0146ot uz <a href=\"mailto:info@globefunder.com\">info@globefunder.com<\/a>. Visa sniegt\u0101 inform\u0101cija vai idejas pirms ievie\u0161anas ir detaliz\u0113ti j\u0101apsprie\u017e ar konsultantu, gr\u0101matvedi vai attiec\u012bg\u0101s jomas speci\u0101listu. Inform\u0101cija uz\u0146\u0113muma apskatos var at\u0161\u0137irties no t\u0101, ko atrodat, apmekl\u0113jot attiec\u012bgo vietni, pakalpojumu sniedz\u0113ju vai noteiktu vietni, kas min\u0113ta m\u016bsu satur\u0101. Visi produkti vai pakalpojumi tiek uzr\u0101d\u012bti bez garantijas.<\/p>\n\n\n\n<p>IZMANTOJOT \u0160O VIETNI (globefunder.com), J\u016aS UZ\u0145EMATIES VISU ATBILD\u012aBU UN RISKU PAR \u0160\u012aS VIETNES LIETO\u0160ANU. INFORM\u0100CIJA SNIEGTA \u201cT\u0100DA, K\u0100DA IR\u201d, BEZ JEBK\u0100DA VEIDA GARANTIJAS. NEK\u0100D\u0100 GAD\u012aJUM\u0100 globefunder.com ADMINISTRATORI NAV ATBILD\u012aGI PAR JEBK\u0100DA VEIDA ZAUD\u0112JUMIEM (JEBK\u0100DIEM TIE\u0160IEM VAI NETIE\u0160IEM ZAUD\u0112JUMEM). VAI NESP\u0112JU IZMANTOT MATERI\u0100LUS VAI JEBKURAS SAITES.<\/p>\n\n\n\n<h2 class=\"gb-headline gb-headline-8303644b gb-headline-text\">Partnerattiec\u012bbu\/Rekl\u0101mas Atruna<\/h2>\n\n\n\n<p>Vietnes globefunder.com satur\u0101 var b\u016bt rekl\u0101m,as, saist\u012btas saites vai rekl\u0101mas no tre\u0161o pu\u0161u vietn\u0113m.&nbsp;<\/p>\n\n\n\n<p><strong>Rekl\u0101mas un rekl\u0101mkarogi: <\/strong>da\u017eas no vietn\u0113 atrodamaj\u0101m rekl\u0101m\u0101m tiek r\u0101d\u012btas no tre\u0161o pu\u0161u rekl\u0101mdev\u0113jiem un tiek r\u0101d\u012btas no \u201cs\u012bkdatn\u0113m\u201d. Mums nav ietekmes uz tur att\u0113loto saturu.<\/p>\n\n\n\n<p><strong>Partneru saites: <\/strong>noklik\u0161\u0137inot uz m\u016bsu vietn\u0113 atrodamaj\u0101m sait\u0113m un veicot pirkumu vai re\u0123istr\u0113joties, m\u0113s varam sa\u0146emt kompens\u0101ciju no pakalpojuma vai produkta sniedz\u0113jiem. Tas mums pal\u012bdz segt projekta uztur\u0113\u0161anas un att\u012bst\u012bbas izmaksas, lai var\u0113tu turpin\u0101t jums pied\u0101v\u0101t saturu bez maksas. <\/p>\n\n\n\n<p>Lai ar\u012b m\u0113s pied\u0101v\u0101jam rekl\u0101mas iesp\u0113jas vietn\u0113t un atsaucamies uz pakalpojumu vai produktu sniedz\u0113jiem, kur m\u0113s varam sa\u0146emt atl\u012bdz\u012bbu, m\u0113s cen\u0161amies padar\u012bt \u0161\u012bs vietnes saturu objekt\u012bvu un noder\u012bgu m\u016bsu las\u012bt\u0101jiem.<\/p>\n\n<\/div><\/div><\/div><\/div>\n","protected":false},"excerpt":{"rendered":"<p>globefunder.com nav finan\u0161u iest\u0101de, un t\u0101 nav atbild\u012bga par pakalpojumiem vai produktiem, ko \u0161aj\u0101 vietn\u0113 reklam\u0113 tre\u0161\u0101s personas. Nekas, kas tiek apspriests \u0161aj\u0101 interneta vietn\u0113 nav vai nevar tikt uzskat\u012bts par finansi\u0101lu vai citu padomu vai ieteikumu ieg\u0101d\u0101ties k\u0101du produktu vai pakalpojumu. Visa vietn\u0113 sniegt\u0101 inform\u0101cija ir paredz\u0113ta tikai visp\u0101r\u012bgiem inform\u0101cijas nol\u016bkiem. T\u0101d\u0113j\u0101di t\u012bmek\u013ca vietnes administr\u0101cija un komanda nav atbild\u012bga<\/p>\n","protected":false},"author":1,"featured_media":15915,"parent":0,"menu_order":0,"comment_status":"closed","ping_status":"closed","template":"","meta":{"_acf_changed":false,"footnotes":""},"class_list":{"0":"post-3585","1":"page","2":"type-page","3":"status-publish","4":"has-post-thumbnail","6":"infinite-scroll-item"},"acf":[],"yoast_head":"<!-- This site is optimized with the Yoast SEO plugin v27.3 - https:\/\/yoast.com\/product\/yoast-seo-wordpress\/ -->\n<title>Atruna un rekl\u0101mas izvietojums vietn\u0113 - Globe Funder<\/title>\n<meta name=\"description\" content=\"Globe Funder saist\u012bba ar interneta vietn\u0113m un rekl\u0101mas atruna. M\u0113s neesam finan\u0161u iest\u0101de - pirms vietnes izmanto\u0161anas uzman\u012bgi izlasiet atrunu.\" \/>\n<meta name=\"robots\" content=\"index, follow, max-snippet:-1, max-image-preview:large, max-video-preview:-1\" \/>\n<link rel=\"canonical\" href=\"https:\/\/globefunder.com\/lv\/atruna\/\" \/>\n<meta property=\"og:locale\" content=\"lv_LV\" \/>\n<meta property=\"og:type\" content=\"article\" \/>\n<meta property=\"og:title\" content=\"Atruna un rekl\u0101mas izvietojums vietn\u0113 - Globe Funder\" \/>\n<meta property=\"og:description\" content=\"Globe Funder saist\u012bba ar interneta vietn\u0113m un rekl\u0101mas atruna. M\u0113s neesam finan\u0161u iest\u0101de - pirms vietnes izmanto\u0161anas uzman\u012bgi izlasiet atrunu.\" \/>\n<meta property=\"og:url\" content=\"https:\/\/globefunder.com\/lv\/atruna\/\" \/>\n<meta property=\"og:site_name\" content=\"Globe Funder\" \/>\n<meta property=\"article:publisher\" content=\"https:\/\/www.facebook.com\/globefunder\" \/>\n<meta property=\"article:modified_time\" content=\"2022-09-19T11:50:46+00:00\" \/>\n<meta property=\"og:image\" content=\"https:\/\/globefunder.com\/wp-content\/uploads\/Atruna.jpeg\" \/>\n\t<meta property=\"og:image:width\" content=\"1200\" \/>\n\t<meta property=\"og:image:height\" content=\"627\" \/>\n\t<meta property=\"og:image:type\" content=\"image\/jpeg\" \/>\n<meta name=\"twitter:card\" content=\"summary_large_image\" \/>\n<meta name=\"twitter:title\" content=\"Atruna un rekl\u0101mas izvietojums vietn\u0113 - Globe Funder\" \/>\n<meta name=\"twitter:description\" content=\"Globe Funder saist\u012bba ar interneta vietn\u0113m un rekl\u0101mas atruna. M\u0113s neesam finan\u0161u iest\u0101de - pirms vietnes izmanto\u0161anas uzman\u012bgi izlasiet atrunu.\" \/>\n<meta name=\"twitter:image\" content=\"https:\/\/globefunder.com\/wp-content\/uploads\/Atruna.jpeg\" \/>\n<meta name=\"twitter:site\" content=\"@GlobeFunder\" \/>\n<meta name=\"twitter:label1\" content=\"Est. reading time\" \/>\n\t<meta name=\"twitter:data1\" content=\"2 minutes\" \/>\n<script type=\"application\/ld+json\" class=\"yoast-schema-graph\">{\"@context\":\"https:\\\/\\\/schema.org\",\"@graph\":[{\"@type\":\"WebPage\",\"@id\":\"https:\\\/\\\/globefunder.com\\\/lv\\\/atruna\\\/\",\"url\":\"https:\\\/\\\/globefunder.com\\\/lv\\\/atruna\\\/\",\"name\":\"Atruna un rekl\u0101mas izvietojums vietn\u0113 - Globe Funder\",\"isPartOf\":{\"@id\":\"https:\\\/\\\/globefunder.com\\\/lv\\\/#website\"},\"primaryImageOfPage\":{\"@id\":\"https:\\\/\\\/globefunder.com\\\/lv\\\/atruna\\\/#primaryimage\"},\"image\":{\"@id\":\"https:\\\/\\\/globefunder.com\\\/lv\\\/atruna\\\/#primaryimage\"},\"thumbnailUrl\":\"https:\\\/\\\/globefunder.com\\\/wp-content\\\/uploads\\\/Atruna.webp\",\"datePublished\":\"2022-01-08T18:08:00+00:00\",\"dateModified\":\"2022-09-19T11:50:46+00:00\",\"description\":\"Globe Funder saist\u012bba ar interneta vietn\u0113m un rekl\u0101mas atruna. M\u0113s neesam finan\u0161u iest\u0101de - pirms vietnes izmanto\u0161anas uzman\u012bgi izlasiet atrunu.\",\"breadcrumb\":{\"@id\":\"https:\\\/\\\/globefunder.com\\\/lv\\\/atruna\\\/#breadcrumb\"},\"inLanguage\":\"lv-LV\",\"potentialAction\":[{\"@type\":\"ReadAction\",\"target\":[\"https:\\\/\\\/globefunder.com\\\/lv\\\/atruna\\\/\"]}]},{\"@type\":\"ImageObject\",\"inLanguage\":\"lv-LV\",\"@id\":\"https:\\\/\\\/globefunder.com\\\/lv\\\/atruna\\\/#primaryimage\",\"url\":\"https:\\\/\\\/globefunder.com\\\/wp-content\\\/uploads\\\/Atruna.webp\",\"contentUrl\":\"https:\\\/\\\/globefunder.com\\\/wp-content\\\/uploads\\\/Atruna.webp\",\"width\":1200,\"height\":630,\"caption\":\"Globe Funder Atruna\"},{\"@type\":\"BreadcrumbList\",\"@id\":\"https:\\\/\\\/globefunder.com\\\/lv\\\/atruna\\\/#breadcrumb\",\"itemListElement\":[{\"@type\":\"ListItem\",\"position\":1,\"name\":\"S\u0101kums\",\"item\":\"https:\\\/\\\/globefunder.com\\\/lv\\\/\"},{\"@type\":\"ListItem\",\"position\":2,\"name\":\"Atruna\"}]},{\"@type\":\"WebSite\",\"@id\":\"https:\\\/\\\/globefunder.com\\\/lv\\\/#website\",\"url\":\"https:\\\/\\\/globefunder.com\\\/lv\\\/\",\"name\":\"Globe Funder\",\"description\":\"Better Financial Awareness\",\"publisher\":{\"@id\":\"https:\\\/\\\/globefunder.com\\\/lv\\\/#organization\"},\"alternateName\":\"GF\",\"potentialAction\":[{\"@type\":\"SearchAction\",\"target\":{\"@type\":\"EntryPoint\",\"urlTemplate\":\"https:\\\/\\\/globefunder.com\\\/lv\\\/?s={search_term_string}\"},\"query-input\":{\"@type\":\"PropertyValueSpecification\",\"valueRequired\":true,\"valueName\":\"search_term_string\"}}],\"inLanguage\":\"lv-LV\"},{\"@type\":\"Organization\",\"@id\":\"https:\\\/\\\/globefunder.com\\\/lv\\\/#organization\",\"name\":\"Globe Funder\",\"alternateName\":\"GlobeFunder\",\"url\":\"https:\\\/\\\/globefunder.com\\\/lv\\\/\",\"logo\":{\"@type\":\"ImageObject\",\"inLanguage\":\"lv-LV\",\"@id\":\"https:\\\/\\\/globefunder.com\\\/lv\\\/#\\\/schema\\\/logo\\\/image\\\/\",\"url\":\"https:\\\/\\\/globefunder.com\\\/wp-content\\\/uploads\\\/Globe-Funder-logo-1.webp\",\"contentUrl\":\"https:\\\/\\\/globefunder.com\\\/wp-content\\\/uploads\\\/Globe-Funder-logo-1.webp\",\"width\":512,\"height\":109,\"caption\":\"Globe Funder\"},\"image\":{\"@id\":\"https:\\\/\\\/globefunder.com\\\/lv\\\/#\\\/schema\\\/logo\\\/image\\\/\"},\"sameAs\":[\"https:\\\/\\\/www.facebook.com\\\/globefunder\",\"https:\\\/\\\/x.com\\\/GlobeFunder\",\"https:\\\/\\\/www.pinterest.co.uk\\\/globefunder\\\/\",\"https:\\\/\\\/www.linkedin.com\\\/company\\\/globefunder\\\/\"]}]}<\/script>\n<!-- \/ Yoast SEO plugin. -->","yoast_head_json":{"title":"Atruna un rekl\u0101mas izvietojums vietn\u0113 - Globe Funder","description":"Globe Funder saist\u012bba ar interneta vietn\u0113m un rekl\u0101mas atruna. M\u0113s neesam finan\u0161u iest\u0101de - pirms vietnes izmanto\u0161anas uzman\u012bgi izlasiet atrunu.","robots":{"index":"index","follow":"follow","max-snippet":"max-snippet:-1","max-image-preview":"max-image-preview:large","max-video-preview":"max-video-preview:-1"},"canonical":"https:\/\/globefunder.com\/lv\/atruna\/","og_locale":"lv_LV","og_type":"article","og_title":"Atruna un rekl\u0101mas izvietojums vietn\u0113 - Globe Funder","og_description":"Globe Funder saist\u012bba ar interneta vietn\u0113m un rekl\u0101mas atruna. M\u0113s neesam finan\u0161u iest\u0101de - pirms vietnes izmanto\u0161anas uzman\u012bgi izlasiet atrunu.","og_url":"https:\/\/globefunder.com\/lv\/atruna\/","og_site_name":"Globe Funder","article_publisher":"https:\/\/www.facebook.com\/globefunder","article_modified_time":"2022-09-19T11:50:46+00:00","og_image":[{"width":1200,"height":627,"url":"https:\/\/globefunder.com\/wp-content\/uploads\/Atruna.jpeg","type":"image\/jpeg"}],"twitter_card":"summary_large_image","twitter_title":"Atruna un rekl\u0101mas izvietojums vietn\u0113 - Globe Funder","twitter_description":"Globe Funder saist\u012bba ar interneta vietn\u0113m un rekl\u0101mas atruna. M\u0113s neesam finan\u0161u iest\u0101de - pirms vietnes izmanto\u0161anas uzman\u012bgi izlasiet atrunu.","twitter_image":"https:\/\/globefunder.com\/wp-content\/uploads\/Atruna.jpeg","twitter_site":"@GlobeFunder","twitter_misc":{"Est. reading time":"2 minutes"},"schema":{"@context":"https:\/\/schema.org","@graph":[{"@type":"WebPage","@id":"https:\/\/globefunder.com\/lv\/atruna\/","url":"https:\/\/globefunder.com\/lv\/atruna\/","name":"Atruna un rekl\u0101mas izvietojums vietn\u0113 - Globe Funder","isPartOf":{"@id":"https:\/\/globefunder.com\/lv\/#website"},"primaryImageOfPage":{"@id":"https:\/\/globefunder.com\/lv\/atruna\/#primaryimage"},"image":{"@id":"https:\/\/globefunder.com\/lv\/atruna\/#primaryimage"},"thumbnailUrl":"https:\/\/globefunder.com\/wp-content\/uploads\/Atruna.webp","datePublished":"2022-01-08T18:08:00+00:00","dateModified":"2022-09-19T11:50:46+00:00","description":"Globe Funder saist\u012bba ar interneta vietn\u0113m un rekl\u0101mas atruna. M\u0113s neesam finan\u0161u iest\u0101de - pirms vietnes izmanto\u0161anas uzman\u012bgi izlasiet atrunu.","breadcrumb":{"@id":"https:\/\/globefunder.com\/lv\/atruna\/#breadcrumb"},"inLanguage":"lv-LV","potentialAction":[{"@type":"ReadAction","target":["https:\/\/globefunder.com\/lv\/atruna\/"]}]},{"@type":"ImageObject","inLanguage":"lv-LV","@id":"https:\/\/globefunder.com\/lv\/atruna\/#primaryimage","url":"https:\/\/globefunder.com\/wp-content\/uploads\/Atruna.webp","contentUrl":"https:\/\/globefunder.com\/wp-content\/uploads\/Atruna.webp","width":1200,"height":630,"caption":"Globe Funder Atruna"},{"@type":"BreadcrumbList","@id":"https:\/\/globefunder.com\/lv\/atruna\/#breadcrumb","itemListElement":[{"@type":"ListItem","position":1,"name":"S\u0101kums","item":"https:\/\/globefunder.com\/lv\/"},{"@type":"ListItem","position":2,"name":"Atruna"}]},{"@type":"WebSite","@id":"https:\/\/globefunder.com\/lv\/#website","url":"https:\/\/globefunder.com\/lv\/","name":"Globe Funder","description":"Better Financial Awareness","publisher":{"@id":"https:\/\/globefunder.com\/lv\/#organization"},"alternateName":"GF","potentialAction":[{"@type":"SearchAction","target":{"@type":"EntryPoint","urlTemplate":"https:\/\/globefunder.com\/lv\/?s={search_term_string}"},"query-input":{"@type":"PropertyValueSpecification","valueRequired":true,"valueName":"search_term_string"}}],"inLanguage":"lv-LV"},{"@type":"Organization","@id":"https:\/\/globefunder.com\/lv\/#organization","name":"Globe Funder","alternateName":"GlobeFunder","url":"https:\/\/globefunder.com\/lv\/","logo":{"@type":"ImageObject","inLanguage":"lv-LV","@id":"https:\/\/globefunder.com\/lv\/#\/schema\/logo\/image\/","url":"https:\/\/globefunder.com\/wp-content\/uploads\/Globe-Funder-logo-1.webp","contentUrl":"https:\/\/globefunder.com\/wp-content\/uploads\/Globe-Funder-logo-1.webp","width":512,"height":109,"caption":"Globe Funder"},"image":{"@id":"https:\/\/globefunder.com\/lv\/#\/schema\/logo\/image\/"},"sameAs":["https:\/\/www.facebook.com\/globefunder","https:\/\/x.com\/GlobeFunder","https:\/\/www.pinterest.co.uk\/globefunder\/","https:\/\/www.linkedin.com\/company\/globefunder\/"]}]}},"_links":{"self":[{"href":"https:\/\/globefunder.com\/lv\/wp-json\/wp\/v2\/pages\/3585","targetHints":{"allow":["GET"]}}],"collection":[{"href":"https:\/\/globefunder.com\/lv\/wp-json\/wp\/v2\/pages"}],"about":[{"href":"https:\/\/globefunder.com\/lv\/wp-json\/wp\/v2\/types\/page"}],"author":[{"embeddable":true,"href":"https:\/\/globefunder.com\/lv\/wp-json\/wp\/v2\/users\/1"}],"replies":[{"embeddable":true,"href":"https:\/\/globefunder.com\/lv\/wp-json\/wp\/v2\/comments?post=3585"}],"version-history":[{"count":0,"href":"https:\/\/globefunder.com\/lv\/wp-json\/wp\/v2\/pages\/3585\/revisions"}],"wp:featuredmedia":[{"embeddable":true,"href":"https:\/\/globefunder.com\/lv\/wp-json\/wp\/v2\/media\/15915"}],"wp:attachment":[{"href":"https:\/\/globefunder.com\/lv\/wp-json\/wp\/v2\/media?parent=3585"}],"curies":[{"name":"wp","href":"https:\/\/api.w.org\/{rel}","templated":true}]}}