{"id":3573,"date":"2022-09-19T08:15:00","date_gmt":"2022-09-19T06:15:00","guid":{"rendered":"https:\/\/globefunder.com\/?page_id=3573"},"modified":"2024-06-20T10:49:23","modified_gmt":"2024-06-20T08:49:23","slug":"par-mums","status":"publish","type":"page","link":"https:\/\/globefunder.com\/lv\/par-mums\/","title":{"rendered":"Par Globe Funder un Komandu"},"content":{"rendered":"<div class=\"gb-container gb-container-e62b38a0\"><div class=\"gb-inside-container\">\n<div class=\"gb-grid-wrapper gb-grid-wrapper-b6c1d0fa\">\n<div class=\"gb-grid-column gb-grid-column-843a0f4b\"><div class=\"gb-container gb-container-843a0f4b\"><div class=\"gb-inside-container\">\n\n<h2 class=\"gb-headline gb-headline-bfb98cf8\"><span class=\"gb-icon\"><svg version=\"1.1\" id=\"Capa_1\" xmlns=\"http:\/\/www.w3.org\/2000\/svg\" xmlns:xlink=\"http:\/\/www.w3.org\/1999\/xlink\" x=\"0px\" y=\"0px\" viewBox=\"0 0 60 4.688\" style=\"enable-background:new 0 0 60 4.688;\" xml:space=\"preserve\"> <g> \t<g> \t\t<path d=\"M57.656,0H2.344C1.049,0,0,1.049,0,2.344c0,1.294,1.049,2.344,2.344,2.344h55.312C58.951,4.688,60,3.638,60,2.344 \t\t\tS58.951,0,57.656,0z\"><\/path> \t<\/g> <\/g> <\/svg><\/span><span class=\"gb-headline-text\">Pie\u0146emiet lab\u0101kus finan\u0161u l\u0113mumus, izmantojot Globe Funder<\/span><\/h2>\n\n\n\n<p>Pateicoties pieejamai inform\u0101cijai, m\u016bsdien\u0101s m\u0113s varam pie\u0146emt lab\u0101kus finan\u0161u l\u0113mumus nek\u0101 jebkad agr\u0101k. Tom\u0113r tas nenoz\u012bm\u0113, ka vienm\u0113r izdodas atrast lab\u0101kos risin\u0101jumus, lai sasniegtu v\u0113lamos rezult\u0101tus. T\u0101p\u0113c m\u0113s izveidoj\u0101m Globe Funder. M\u0113s pied\u0101v\u0101jam noder\u012bgus r\u012bkus, kalkulatorus, iesp\u0113ju izkl\u0101stus un risin\u0101jumus person\u012bgo finan\u0161u un online biznesa t\u0113m\u0101s.<\/p>\n\n\n\n<p>P\u0101rtrauciet min\u0113t un s\u0101ciet pie\u0146emt p\u0101rdom\u0101t\u0101kus l\u0113mumus, pamatojoties uz datiem, pieredzi un potenci\u0101lu. Viss vienuviet!<\/p>\n\n<\/div><\/div><\/div>\n\n<div class=\"gb-grid-column gb-grid-column-89edc3bf\"><div class=\"gb-container gb-container-89edc3bf\"><div class=\"gb-inside-container\">\n\n<figure class=\"wp-block-image size-full rounded-corners img\"><img loading=\"lazy\" decoding=\"async\" width=\"984\" height=\"577\" src=\"https:\/\/globefunder.com\/wp-content\/uploads\/Pardomati-finansialie-lemumi-1.png\" alt=\"P\u0101rdom\u0101ti finansi\u0101lie l\u0113mumi.\" class=\"wp-image-12802\" srcset=\"https:\/\/globefunder.com\/wp-content\/uploads\/Pardomati-finansialie-lemumi-1.png 984w, https:\/\/globefunder.com\/wp-content\/uploads\/Pardomati-finansialie-lemumi-1-300x176.png 300w, https:\/\/globefunder.com\/wp-content\/uploads\/Pardomati-finansialie-lemumi-1-150x88.png 150w, https:\/\/globefunder.com\/wp-content\/uploads\/Pardomati-finansialie-lemumi-1-768x450.png 768w\" sizes=\"auto, (max-width: 984px) 100vw, 984px\" \/><\/figure>\n\n<\/div><\/div><\/div>\n<\/div>\n<\/div><\/div>\n\n<div class=\"gb-container gb-container-be423206\"><div class=\"gb-inside-container\">\n<div class=\"gb-grid-wrapper gb-grid-wrapper-eb7022e7\">\n<div class=\"gb-grid-column gb-grid-column-ef14fc4a\"><div class=\"gb-container gb-container-ef14fc4a\"><div class=\"gb-inside-container\">\n\n<figure class=\"wp-block-image size-full rounded-corners img\"><img loading=\"lazy\" decoding=\"async\" width=\"785\" height=\"734\" src=\"https:\/\/globefunder.com\/wp-content\/uploads\/Nauda-interneta.webp\" alt=\"Nauda interneta\" class=\"wp-image-12827\" srcset=\"https:\/\/globefunder.com\/wp-content\/uploads\/Nauda-interneta.webp 785w, https:\/\/globefunder.com\/wp-content\/uploads\/Nauda-interneta-300x281.webp 300w, https:\/\/globefunder.com\/wp-content\/uploads\/Nauda-interneta-150x140.webp 150w, https:\/\/globefunder.com\/wp-content\/uploads\/Nauda-interneta-768x718.webp 768w\" sizes=\"auto, (max-width: 785px) 100vw, 785px\" \/><\/figure>\n\n<\/div><\/div><\/div>\n\n<div class=\"gb-grid-column gb-grid-column-50fb7ae6\"><div class=\"gb-container gb-container-50fb7ae6\"><div class=\"gb-inside-container\">\n\n<h2 class=\"gb-headline gb-headline-cb9ee447\"><span class=\"gb-icon\"><svg version=\"1.1\" id=\"Capa_1\" xmlns=\"http:\/\/www.w3.org\/2000\/svg\" xmlns:xlink=\"http:\/\/www.w3.org\/1999\/xlink\" x=\"0px\" y=\"0px\" viewBox=\"0 0 60 4.688\" style=\"enable-background:new 0 0 60 4.688;\" xml:space=\"preserve\"> <g> \t<g> \t\t<path d=\"M57.656,0H2.344C1.049,0,0,1.049,0,2.344c0,1.294,1.049,2.344,2.344,2.344h55.312C58.951,4.688,60,3.638,60,2.344 \t\t\tS58.951,0,57.656,0z\"><\/path> \t<\/g> <\/g> <\/svg><\/span><span class=\"gb-headline-text\">K\u0101p\u0113c person\u012bg\u0101s finanses un interneta bizness?<\/span><\/h2>\n\n\n\n<p>M\u0113s dz\u012bvoj\u0101m strauji main\u012bg\u0101 vid\u0113 un virz\u0101mies uz piln\u012bgi jaunu pasauli. Pasauli, kur\u0101 jaunie\u0161i saprot, ka dz\u012bv\u0113 ir kas vair\u0101k nek\u0101 ieslodz\u012bjums 9\u20135 darba viet\u0101 ar fiks\u0113tu atalgojumu. Finan\u0161u vad\u012bba un izgl\u012bt\u012bba \u0161ajos laikos ir b\u016btiska, lai saglab\u0101tu finansi\u0101lu stabilit\u0101ti un dro\u0161u att\u012bst\u012bbu.<\/p>\n\n\n\n<p>Liel\u0101k\u0101 da\u013ca cilv\u0113ku v\u0113las ieg\u016bt finansi\u0101lu br\u012bv\u012bbu un koncentr\u0113ties uz savu \u0123imeni, va\u013caspriekiem un person\u012bgo neatkar\u012bbu. M\u016bsupr\u0101t, nav lab\u0101ka veida, k\u0101 to pan\u0101kt k\u0101 vadot savu biznesu un \u0123ener\u0113jot pietiekami daudz kapit\u0101la, lai to ieguld\u012btu un izveidotu pas\u012bvo ien\u0101kumu pl\u016bsmu. Citiem v\u0101rdiem sakot \u2013 izveidojot vair\u0101kus ien\u0101kumu avotus, kuri neprasa lielus laika ieguld\u012bjumus un var past\u0101v\u0113t neatkar\u012bgi viens no otra.<\/p>\n\n<\/div><\/div><\/div>\n<\/div>\n<\/div><\/div>\n\n<div class=\"gb-container gb-container-0a4ac77d\"><div class=\"gb-inside-container\">\n\n<h2 class=\"gb-headline gb-headline-51227ee6 gb-headline-text\">Par Globe Funder komandu<\/h2>\n\n\n\n<p class=\"has-text-align-center\">Globe Funder neb\u016btu iesp\u0113jams bez sp\u0113c\u012bgas, profesion\u0101las un starptautiskas komandas, kas jums sniedz zin\u0101\u0161anas un r\u012bkus. Zem\u0101k j\u016bs varat iepaz\u012bties ar da\u017eiem no m\u016bsu komandas locek\u013ciem, kuri akt\u012bvi str\u0101d\u0101, lai sniegtu jums visv\u0113rt\u012bg\u0101ko saturu person\u012bgo finan\u0161u un interneta biznesa telp\u0101. Aizkulis\u0113s ir vair\u0101ku cilv\u0113ku komanda, kas ir iemesls, k\u0101p\u0113c j\u016bs varat redz\u0113t vietni t\u0101du, k\u0101da t\u0101 ir, un piek\u013c\u016bt m\u016bsu r\u012bkiem un rakstiem j\u016bsu dzimtaj\u0101 valod\u0101. Vai v\u0113laties b\u016bt da\u013ca no m\u016bsu komandas?&nbsp;<a href=\"https:\/\/globefunder.com\/lv\/pievienojies-komandai\/\">Apskati pieejam\u0101s vakances<\/a>!<\/p>\n\n\n<div class=\"gb-grid-wrapper gb-grid-wrapper-27be4c12\">\n<div class=\"gb-grid-column gb-grid-column-d93b521f\"><div class=\"gb-container gb-container-d93b521f\"><div class=\"gb-inside-container\">\n<div class=\"wp-block-image is-style-rounded\">\n<figure class=\"aligncenter size-full is-resized\"><img loading=\"lazy\" decoding=\"async\" width=\"700\" height=\"700\" src=\"https:\/\/globefunder.com\/wp-content\/uploads\/Kaspars-1.webp\" alt=\"Kaspars\" class=\"wp-image-3919\" style=\"width:175px;height:175px\" srcset=\"https:\/\/globefunder.com\/wp-content\/uploads\/Kaspars-1.webp 700w, https:\/\/globefunder.com\/wp-content\/uploads\/Kaspars-1-300x300.webp 300w, https:\/\/globefunder.com\/wp-content\/uploads\/Kaspars-1-150x150.webp 150w\" sizes=\"auto, (max-width: 700px) 100vw, 700px\" \/><\/figure>\n<\/div>\n\n\n<h3 class=\"gb-headline gb-headline-d850373c gb-headline-text\">Kaspars \u2013&nbsp;<em>Projekta autors<\/em><\/h3>\n\n\n\n<p class=\"has-text-align-center\">Globe Funder anal\u012btiskais pr\u0101ts. <\/p>\n\n<\/div><\/div><\/div>\n\n<div class=\"gb-grid-column gb-grid-column-0bd709a2\"><div class=\"gb-container gb-container-0bd709a2\"><div class=\"gb-inside-container\">\n<div class=\"wp-block-image is-style-rounded\">\n<figure class=\"aligncenter size-full is-resized\"><img loading=\"lazy\" decoding=\"async\" width=\"700\" height=\"700\" src=\"https:\/\/globefunder.com\/wp-content\/uploads\/Martin.webp\" alt=\"Martins\" class=\"wp-image-3921\" style=\"width:175px;height:175px\" srcset=\"https:\/\/globefunder.com\/wp-content\/uploads\/Martin.webp 700w, https:\/\/globefunder.com\/wp-content\/uploads\/Martin-300x300.webp 300w, https:\/\/globefunder.com\/wp-content\/uploads\/Martin-150x150.webp 150w\" sizes=\"auto, (max-width: 700px) 100vw, 700px\" \/><\/figure>\n<\/div>\n\n\n<h3 class=\"gb-headline gb-headline-ffe345bf gb-headline-text\">Martins &#8211; <em>Galvenais redaktors<\/em><\/h3>\n\n\n\n<p class=\"has-text-align-center\">M\u016bsu rado\u0161ais un finansi\u0101lais pr\u0101ts. <\/p>\n\n<\/div><\/div><\/div>\n<\/div>\n<\/div><\/div>\n\n<div class=\"gb-container gb-container-5711eb17\"><div class=\"gb-inside-container\">\n\n<p class=\"has-text-align-center\">globefunder.com p\u0101rvalda Digitrade. Re\u0123. nr. 401 035 729 80, adrese: <a href=\"https:\/\/www.google.com\/maps\/place\/Artil%C4%93rijas+iela+3,+Centra+rajons,+R%C4%ABga,+LV-1001\/@56.9612522,24.1332309,17z\/data=!3m1!4b1!4m5!3m4!1s0x46eecfcab2adb7b1:0x5da3a602e59f347c!8m2!3d56.9612522!4d24.1354196\" target=\"_blank\" rel=\"noreferrer noopener nofollow\">Latvija, R\u012bga, Artil\u0113rijas iela 3. LV-1001<\/a>, phone: <a href=\"tel:0037167194447\">+371 67194447<\/a>.<\/p>\n\n\n\n<ul class=\"wp-block-social-links has-normal-icon-size is-style-default is-content-justification-center is-layout-flex wp-container-core-social-links-is-layout-16018d1d wp-block-social-links-is-layout-flex\"><li class=\"wp-social-link wp-social-link-linkedin  wp-block-social-link\"><a href=\"https:\/\/linkedin.com\/company\/globefunder\" class=\"wp-block-social-link-anchor\"><svg width=\"24\" height=\"24\" viewBox=\"0 0 24 24\" version=\"1.1\" xmlns=\"http:\/\/www.w3.org\/2000\/svg\" aria-hidden=\"true\" focusable=\"false\"><path d=\"M19.7,3H4.3C3.582,3,3,3.582,3,4.3v15.4C3,20.418,3.582,21,4.3,21h15.4c0.718,0,1.3-0.582,1.3-1.3V4.3 C21,3.582,20.418,3,19.7,3z M8.339,18.338H5.667v-8.59h2.672V18.338z M7.004,8.574c-0.857,0-1.549-0.694-1.549-1.548 c0-0.855,0.691-1.548,1.549-1.548c0.854,0,1.547,0.694,1.547,1.548C8.551,7.881,7.858,8.574,7.004,8.574z M18.339,18.338h-2.669 v-4.177c0-0.996-0.017-2.278-1.387-2.278c-1.389,0-1.601,1.086-1.601,2.206v4.249h-2.667v-8.59h2.559v1.174h0.037 c0.356-0.675,1.227-1.387,2.526-1.387c2.703,0,3.203,1.779,3.203,4.092V18.338z\"><\/path><\/svg><span class=\"wp-block-social-link-label screen-reader-text\">Globe Funder LinkedIn<\/span><\/a><\/li>\n\n<li class=\"wp-social-link wp-social-link-facebook  wp-block-social-link\"><a href=\"https:\/\/www.facebook.com\/globefunder\" class=\"wp-block-social-link-anchor\"><svg width=\"24\" height=\"24\" viewBox=\"0 0 24 24\" version=\"1.1\" xmlns=\"http:\/\/www.w3.org\/2000\/svg\" aria-hidden=\"true\" focusable=\"false\"><path d=\"M12 2C6.5 2 2 6.5 2 12c0 5 3.7 9.1 8.4 9.9v-7H7.9V12h2.5V9.8c0-2.5 1.5-3.9 3.8-3.9 1.1 0 2.2.2 2.2.2v2.5h-1.3c-1.2 0-1.6.8-1.6 1.6V12h2.8l-.4 2.9h-2.3v7C18.3 21.1 22 17 22 12c0-5.5-4.5-10-10-10z\"><\/path><\/svg><span class=\"wp-block-social-link-label screen-reader-text\">Globe Funder Facebook<\/span><\/a><\/li>\n\n<li class=\"wp-social-link wp-social-link-pinterest  wp-block-social-link\"><a href=\"https:\/\/pinterest.com\/globefunder\" class=\"wp-block-social-link-anchor\"><svg width=\"24\" height=\"24\" viewBox=\"0 0 24 24\" version=\"1.1\" xmlns=\"http:\/\/www.w3.org\/2000\/svg\" aria-hidden=\"true\" focusable=\"false\"><path d=\"M12.289,2C6.617,2,3.606,5.648,3.606,9.622c0,1.846,1.025,4.146,2.666,4.878c0.25,0.111,0.381,0.063,0.439-0.169 c0.044-0.175,0.267-1.029,0.365-1.428c0.032-0.128,0.017-0.237-0.091-0.362C6.445,11.911,6.01,10.75,6.01,9.668 c0-2.777,2.194-5.464,5.933-5.464c3.23,0,5.49,2.108,5.49,5.122c0,3.407-1.794,5.768-4.13,5.768c-1.291,0-2.257-1.021-1.948-2.277 c0.372-1.495,1.089-3.112,1.089-4.191c0-0.967-0.542-1.775-1.663-1.775c-1.319,0-2.379,1.309-2.379,3.059 c0,1.115,0.394,1.869,0.394,1.869s-1.302,5.279-1.54,6.261c-0.405,1.666,0.053,4.368,0.094,4.604 c0.021,0.126,0.167,0.169,0.25,0.063c0.129-0.165,1.699-2.419,2.142-4.051c0.158-0.59,0.817-2.995,0.817-2.995 c0.43,0.784,1.681,1.446,3.013,1.446c3.963,0,6.822-3.494,6.822-7.833C20.394,5.112,16.849,2,12.289,2\"><\/path><\/svg><span class=\"wp-block-social-link-label screen-reader-text\">Globe Funder Pinteres<\/span><\/a><\/li>\n\n<li class=\"wp-social-link wp-social-link-telegram  wp-block-social-link\"><a href=\"https:\/\/t.me\/globefunder\" class=\"wp-block-social-link-anchor\"><svg width=\"24\" height=\"24\" viewBox=\"0 0 128 128\" version=\"1.1\" xmlns=\"http:\/\/www.w3.org\/2000\/svg\" aria-hidden=\"true\" focusable=\"false\"><path d=\"M28.9700376,63.3244248 C47.6273373,55.1957357 60.0684594,49.8368063 66.2934036,47.2476366 C84.0668845,39.855031 87.7600616,38.5708563 90.1672227,38.528 C90.6966555,38.5191258 91.8804274,38.6503351 92.6472251,39.2725385 C93.294694,39.7979149 93.4728387,40.5076237 93.5580865,41.0057381 C93.6433345,41.5038525 93.7494885,42.63857 93.6651041,43.5252052 C92.7019529,53.6451182 88.5344133,78.2034783 86.4142057,89.5379542 C85.5170662,94.3339958 83.750571,95.9420841 82.0403991,96.0994568 C78.3237996,96.4414641 75.5015827,93.6432685 71.9018743,91.2836143 C66.2690414,87.5912212 63.0868492,85.2926952 57.6192095,81.6896017 C51.3004058,77.5256038 55.3966232,75.2369981 58.9976911,71.4967761 C59.9401076,70.5179421 76.3155302,55.6232293 76.6324771,54.2720454 C76.6721165,54.1030573 76.7089039,53.4731496 76.3346867,53.1405352 C75.9604695,52.8079208 75.4081573,52.921662 75.0095933,53.0121213 C74.444641,53.1403447 65.4461175,59.0880351 48.0140228,70.8551922 C45.4598218,72.6091037 43.1463059,73.4636682 41.0734751,73.4188859 C38.7883453,73.3695169 34.3926725,72.1268388 31.1249416,71.0646282 C27.1169366,69.7617838 23.931454,69.0729605 24.208838,66.8603276 C24.3533167,65.7078514 25.9403832,64.5292172 28.9700376,63.3244248 Z\" \/><\/svg><span class=\"wp-block-social-link-label screen-reader-text\">Globe Funder Telegram<\/span><\/a><\/li>\n\n<li class=\"wp-social-link wp-social-link-mail  wp-block-social-link\"><a href=\"mailto:info@globefunder.com\" class=\"wp-block-social-link-anchor\"><svg width=\"24\" height=\"24\" viewBox=\"0 0 24 24\" version=\"1.1\" xmlns=\"http:\/\/www.w3.org\/2000\/svg\" aria-hidden=\"true\" focusable=\"false\"><path d=\"M19,5H5c-1.1,0-2,.9-2,2v10c0,1.1.9,2,2,2h14c1.1,0,2-.9,2-2V7c0-1.1-.9-2-2-2zm.5,12c0,.3-.2.5-.5.5H5c-.3,0-.5-.2-.5-.5V9.8l7.5,5.6,7.5-5.6V17zm0-9.1L12,13.6,4.5,7.9V7c0-.3.2-.5.5-.5h14c.3,0,.5.2.5.5v.9z\"><\/path><\/svg><span class=\"wp-block-social-link-label screen-reader-text\">Globe Funder email.<\/span><\/a><\/li><\/ul>\n\n<\/div><\/div>","protected":false},"excerpt":{"rendered":"<p>Par Globe Funder komandu Globe Funder neb\u016btu iesp\u0113jams bez sp\u0113c\u012bgas, profesion\u0101las un starptautiskas komandas, kas jums sniedz zin\u0101\u0161anas un r\u012bkus. Zem\u0101k j\u016bs varat iepaz\u012bties ar da\u017eiem no m\u016bsu komandas locek\u013ciem, kuri akt\u012bvi str\u0101d\u0101, lai sniegtu jums visv\u0113rt\u012bg\u0101ko saturu person\u012bgo finan\u0161u un interneta biznesa telp\u0101. Aizkulis\u0113s ir vair\u0101ku cilv\u0113ku komanda, kas ir iemesls, k\u0101p\u0113c j\u016bs varat redz\u0113t vietni t\u0101du, k\u0101da t\u0101<\/p>\n","protected":false},"author":1,"featured_media":15813,"parent":0,"menu_order":0,"comment_status":"closed","ping_status":"closed","template":"","meta":{"_acf_changed":false,"footnotes":""},"class_list":{"0":"post-3573","1":"page","2":"type-page","3":"status-publish","4":"has-post-thumbnail","6":"infinite-scroll-item"},"acf":[],"yoast_head":"<!-- This site is optimized with the Yoast SEO plugin v27.3 - https:\/\/yoast.com\/product\/yoast-seo-wordpress\/ -->\n<title>Par Globe Funder un Komandu - Globe Funder<\/title>\n<meta name=\"description\" content=\"Par Globe Funder - Progres\u012bvs un starptautisks interneta resurss par person\u012bgaj\u0101m finans\u0113m un interneta biznesiem. Pie\u0146emiet gudrus l\u0113mumus!\" \/>\n<meta name=\"robots\" content=\"index, follow, max-snippet:-1, max-image-preview:large, max-video-preview:-1\" \/>\n<link rel=\"canonical\" href=\"https:\/\/globefunder.com\/lv\/par-mums\/\" \/>\n<meta property=\"og:locale\" content=\"lv_LV\" \/>\n<meta property=\"og:type\" content=\"article\" \/>\n<meta property=\"og:title\" content=\"Par Globe Funder un Komandu - Globe Funder\" \/>\n<meta property=\"og:description\" content=\"Par Globe Funder - Progres\u012bvs un starptautisks interneta resurss par person\u012bgaj\u0101m finans\u0113m un interneta biznesiem. Pie\u0146emiet gudrus l\u0113mumus!\" \/>\n<meta property=\"og:url\" content=\"https:\/\/globefunder.com\/lv\/par-mums\/\" \/>\n<meta property=\"og:site_name\" content=\"Globe Funder\" \/>\n<meta property=\"article:publisher\" content=\"https:\/\/www.facebook.com\/globefunder\" \/>\n<meta property=\"article:modified_time\" content=\"2024-06-20T08:49:23+00:00\" \/>\n<meta property=\"og:image\" content=\"https:\/\/globefunder.com\/wp-content\/uploads\/Par-mums.jpeg\" \/>\n\t<meta property=\"og:image:width\" content=\"1200\" \/>\n\t<meta property=\"og:image:height\" content=\"627\" \/>\n\t<meta property=\"og:image:type\" content=\"image\/jpeg\" \/>\n<meta name=\"twitter:card\" content=\"summary_large_image\" \/>\n<meta name=\"twitter:title\" content=\"Par Globe Funder un Komandu - Globe Funder\" \/>\n<meta name=\"twitter:description\" content=\"Par Globe Funder - Progres\u012bvs un starptautisks interneta resurss par person\u012bgaj\u0101m finans\u0113m un interneta biznesiem. Pie\u0146emiet gudrus l\u0113mumus!\" \/>\n<meta name=\"twitter:image\" content=\"https:\/\/globefunder.com\/wp-content\/uploads\/Par-mums.jpeg\" \/>\n<meta name=\"twitter:site\" content=\"@GlobeFunder\" \/>\n<meta name=\"twitter:label1\" content=\"Est. reading time\" \/>\n\t<meta name=\"twitter:data1\" content=\"3 minutes\" \/>\n<script type=\"application\/ld+json\" class=\"yoast-schema-graph\">{\"@context\":\"https:\\\/\\\/schema.org\",\"@graph\":[{\"@type\":[\"WebPage\",\"AboutPage\"],\"@id\":\"https:\\\/\\\/globefunder.com\\\/lv\\\/par-mums\\\/\",\"url\":\"https:\\\/\\\/globefunder.com\\\/lv\\\/par-mums\\\/\",\"name\":\"Par Globe Funder un Komandu - Globe Funder\",\"isPartOf\":{\"@id\":\"https:\\\/\\\/globefunder.com\\\/lv\\\/#website\"},\"primaryImageOfPage\":{\"@id\":\"https:\\\/\\\/globefunder.com\\\/lv\\\/par-mums\\\/#primaryimage\"},\"image\":{\"@id\":\"https:\\\/\\\/globefunder.com\\\/lv\\\/par-mums\\\/#primaryimage\"},\"thumbnailUrl\":\"https:\\\/\\\/globefunder.com\\\/wp-content\\\/uploads\\\/Par-mums.webp\",\"datePublished\":\"2022-09-19T06:15:00+00:00\",\"dateModified\":\"2024-06-20T08:49:23+00:00\",\"description\":\"Par Globe Funder - Progres\u012bvs un starptautisks interneta resurss par person\u012bgaj\u0101m finans\u0113m un interneta biznesiem. Pie\u0146emiet gudrus l\u0113mumus!\",\"breadcrumb\":{\"@id\":\"https:\\\/\\\/globefunder.com\\\/lv\\\/par-mums\\\/#breadcrumb\"},\"inLanguage\":\"lv-LV\",\"potentialAction\":[{\"@type\":\"ReadAction\",\"target\":[\"https:\\\/\\\/globefunder.com\\\/lv\\\/par-mums\\\/\"]}]},{\"@type\":\"ImageObject\",\"inLanguage\":\"lv-LV\",\"@id\":\"https:\\\/\\\/globefunder.com\\\/lv\\\/par-mums\\\/#primaryimage\",\"url\":\"https:\\\/\\\/globefunder.com\\\/wp-content\\\/uploads\\\/Par-mums.webp\",\"contentUrl\":\"https:\\\/\\\/globefunder.com\\\/wp-content\\\/uploads\\\/Par-mums.webp\",\"width\":1200,\"height\":630,\"caption\":\"Par Globe Funder\"},{\"@type\":\"BreadcrumbList\",\"@id\":\"https:\\\/\\\/globefunder.com\\\/lv\\\/par-mums\\\/#breadcrumb\",\"itemListElement\":[{\"@type\":\"ListItem\",\"position\":1,\"name\":\"S\u0101kums\",\"item\":\"https:\\\/\\\/globefunder.com\\\/lv\\\/\"},{\"@type\":\"ListItem\",\"position\":2,\"name\":\"Par Globe Funder\"}]},{\"@type\":\"WebSite\",\"@id\":\"https:\\\/\\\/globefunder.com\\\/lv\\\/#website\",\"url\":\"https:\\\/\\\/globefunder.com\\\/lv\\\/\",\"name\":\"Globe Funder\",\"description\":\"Better Financial Awareness\",\"publisher\":{\"@id\":\"https:\\\/\\\/globefunder.com\\\/lv\\\/#organization\"},\"alternateName\":\"GF\",\"potentialAction\":[{\"@type\":\"SearchAction\",\"target\":{\"@type\":\"EntryPoint\",\"urlTemplate\":\"https:\\\/\\\/globefunder.com\\\/lv\\\/?s={search_term_string}\"},\"query-input\":{\"@type\":\"PropertyValueSpecification\",\"valueRequired\":true,\"valueName\":\"search_term_string\"}}],\"inLanguage\":\"lv-LV\"},{\"@type\":\"Organization\",\"@id\":\"https:\\\/\\\/globefunder.com\\\/lv\\\/#organization\",\"name\":\"Globe Funder\",\"alternateName\":\"GlobeFunder\",\"url\":\"https:\\\/\\\/globefunder.com\\\/lv\\\/\",\"logo\":{\"@type\":\"ImageObject\",\"inLanguage\":\"lv-LV\",\"@id\":\"https:\\\/\\\/globefunder.com\\\/lv\\\/#\\\/schema\\\/logo\\\/image\\\/\",\"url\":\"https:\\\/\\\/globefunder.com\\\/wp-content\\\/uploads\\\/Globe-Funder-logo-1.webp\",\"contentUrl\":\"https:\\\/\\\/globefunder.com\\\/wp-content\\\/uploads\\\/Globe-Funder-logo-1.webp\",\"width\":512,\"height\":109,\"caption\":\"Globe Funder\"},\"image\":{\"@id\":\"https:\\\/\\\/globefunder.com\\\/lv\\\/#\\\/schema\\\/logo\\\/image\\\/\"},\"sameAs\":[\"https:\\\/\\\/www.facebook.com\\\/globefunder\",\"https:\\\/\\\/x.com\\\/GlobeFunder\",\"https:\\\/\\\/www.pinterest.co.uk\\\/globefunder\\\/\",\"https:\\\/\\\/www.linkedin.com\\\/company\\\/globefunder\\\/\"]}]}<\/script>\n<!-- \/ Yoast SEO plugin. -->","yoast_head_json":{"title":"Par Globe Funder un Komandu - Globe Funder","description":"Par Globe Funder - Progres\u012bvs un starptautisks interneta resurss par person\u012bgaj\u0101m finans\u0113m un interneta biznesiem. Pie\u0146emiet gudrus l\u0113mumus!","robots":{"index":"index","follow":"follow","max-snippet":"max-snippet:-1","max-image-preview":"max-image-preview:large","max-video-preview":"max-video-preview:-1"},"canonical":"https:\/\/globefunder.com\/lv\/par-mums\/","og_locale":"lv_LV","og_type":"article","og_title":"Par Globe Funder un Komandu - Globe Funder","og_description":"Par Globe Funder - Progres\u012bvs un starptautisks interneta resurss par person\u012bgaj\u0101m finans\u0113m un interneta biznesiem. Pie\u0146emiet gudrus l\u0113mumus!","og_url":"https:\/\/globefunder.com\/lv\/par-mums\/","og_site_name":"Globe Funder","article_publisher":"https:\/\/www.facebook.com\/globefunder","article_modified_time":"2024-06-20T08:49:23+00:00","og_image":[{"width":1200,"height":627,"url":"https:\/\/globefunder.com\/wp-content\/uploads\/Par-mums.jpeg","type":"image\/jpeg"}],"twitter_card":"summary_large_image","twitter_title":"Par Globe Funder un Komandu - Globe Funder","twitter_description":"Par Globe Funder - Progres\u012bvs un starptautisks interneta resurss par person\u012bgaj\u0101m finans\u0113m un interneta biznesiem. Pie\u0146emiet gudrus l\u0113mumus!","twitter_image":"https:\/\/globefunder.com\/wp-content\/uploads\/Par-mums.jpeg","twitter_site":"@GlobeFunder","twitter_misc":{"Est. reading time":"3 minutes"},"schema":{"@context":"https:\/\/schema.org","@graph":[{"@type":["WebPage","AboutPage"],"@id":"https:\/\/globefunder.com\/lv\/par-mums\/","url":"https:\/\/globefunder.com\/lv\/par-mums\/","name":"Par Globe Funder un Komandu - Globe Funder","isPartOf":{"@id":"https:\/\/globefunder.com\/lv\/#website"},"primaryImageOfPage":{"@id":"https:\/\/globefunder.com\/lv\/par-mums\/#primaryimage"},"image":{"@id":"https:\/\/globefunder.com\/lv\/par-mums\/#primaryimage"},"thumbnailUrl":"https:\/\/globefunder.com\/wp-content\/uploads\/Par-mums.webp","datePublished":"2022-09-19T06:15:00+00:00","dateModified":"2024-06-20T08:49:23+00:00","description":"Par Globe Funder - Progres\u012bvs un starptautisks interneta resurss par person\u012bgaj\u0101m finans\u0113m un interneta biznesiem. Pie\u0146emiet gudrus l\u0113mumus!","breadcrumb":{"@id":"https:\/\/globefunder.com\/lv\/par-mums\/#breadcrumb"},"inLanguage":"lv-LV","potentialAction":[{"@type":"ReadAction","target":["https:\/\/globefunder.com\/lv\/par-mums\/"]}]},{"@type":"ImageObject","inLanguage":"lv-LV","@id":"https:\/\/globefunder.com\/lv\/par-mums\/#primaryimage","url":"https:\/\/globefunder.com\/wp-content\/uploads\/Par-mums.webp","contentUrl":"https:\/\/globefunder.com\/wp-content\/uploads\/Par-mums.webp","width":1200,"height":630,"caption":"Par Globe Funder"},{"@type":"BreadcrumbList","@id":"https:\/\/globefunder.com\/lv\/par-mums\/#breadcrumb","itemListElement":[{"@type":"ListItem","position":1,"name":"S\u0101kums","item":"https:\/\/globefunder.com\/lv\/"},{"@type":"ListItem","position":2,"name":"Par Globe Funder"}]},{"@type":"WebSite","@id":"https:\/\/globefunder.com\/lv\/#website","url":"https:\/\/globefunder.com\/lv\/","name":"Globe Funder","description":"Better Financial Awareness","publisher":{"@id":"https:\/\/globefunder.com\/lv\/#organization"},"alternateName":"GF","potentialAction":[{"@type":"SearchAction","target":{"@type":"EntryPoint","urlTemplate":"https:\/\/globefunder.com\/lv\/?s={search_term_string}"},"query-input":{"@type":"PropertyValueSpecification","valueRequired":true,"valueName":"search_term_string"}}],"inLanguage":"lv-LV"},{"@type":"Organization","@id":"https:\/\/globefunder.com\/lv\/#organization","name":"Globe Funder","alternateName":"GlobeFunder","url":"https:\/\/globefunder.com\/lv\/","logo":{"@type":"ImageObject","inLanguage":"lv-LV","@id":"https:\/\/globefunder.com\/lv\/#\/schema\/logo\/image\/","url":"https:\/\/globefunder.com\/wp-content\/uploads\/Globe-Funder-logo-1.webp","contentUrl":"https:\/\/globefunder.com\/wp-content\/uploads\/Globe-Funder-logo-1.webp","width":512,"height":109,"caption":"Globe Funder"},"image":{"@id":"https:\/\/globefunder.com\/lv\/#\/schema\/logo\/image\/"},"sameAs":["https:\/\/www.facebook.com\/globefunder","https:\/\/x.com\/GlobeFunder","https:\/\/www.pinterest.co.uk\/globefunder\/","https:\/\/www.linkedin.com\/company\/globefunder\/"]}]}},"_links":{"self":[{"href":"https:\/\/globefunder.com\/lv\/wp-json\/wp\/v2\/pages\/3573","targetHints":{"allow":["GET"]}}],"collection":[{"href":"https:\/\/globefunder.com\/lv\/wp-json\/wp\/v2\/pages"}],"about":[{"href":"https:\/\/globefunder.com\/lv\/wp-json\/wp\/v2\/types\/page"}],"author":[{"embeddable":true,"href":"https:\/\/globefunder.com\/lv\/wp-json\/wp\/v2\/users\/1"}],"replies":[{"embeddable":true,"href":"https:\/\/globefunder.com\/lv\/wp-json\/wp\/v2\/comments?post=3573"}],"version-history":[{"count":1,"href":"https:\/\/globefunder.com\/lv\/wp-json\/wp\/v2\/pages\/3573\/revisions"}],"predecessor-version":[{"id":38804,"href":"https:\/\/globefunder.com\/lv\/wp-json\/wp\/v2\/pages\/3573\/revisions\/38804"}],"wp:featuredmedia":[{"embeddable":true,"href":"https:\/\/globefunder.com\/lv\/wp-json\/wp\/v2\/media\/15813"}],"wp:attachment":[{"href":"https:\/\/globefunder.com\/lv\/wp-json\/wp\/v2\/media?parent=3573"}],"curies":[{"name":"wp","href":"https:\/\/api.w.org\/{rel}","templated":true}]}}